{"id":17640,"date":"2024-02-14T11:16:47","date_gmt":"2024-02-14T11:16:47","guid":{"rendered":"https:\/\/farmaciacrisia.ro\/?post_type=product&#038;p=17640"},"modified":"2025-09-16T09:42:21","modified_gmt":"2025-09-16T09:42:21","slug":"sirop-cu-carbamazepina-100mg-5ml","status":"publish","type":"product","link":"https:\/\/farmaciacrisia.ro\/fr\/produit\/sirop-cu-carbamazepina-100mg-5ml\/","title":{"rendered":"SIROP DE CARBAMAZ\u00c9PINE 100MG \/ 5ML"},"content":{"rendered":"","protected":false},"excerpt":{"rendered":"<p><strong>Le sirop de carbamaz\u00e9pine est indiqu\u00e9 dans le traitement des troubles neurologiques, des crises d'\u00e9pilepsie et de la n\u00e9vralgie du trijumeau chez les enfants et les personnes \u00e2g\u00e9es.<\/strong><\/p>\n<p>\u2713 Lors de la pr\u00e9paration des prescriptions magistrales, seules des substances actives de haute puret\u00e9 sont utilis\u00e9es, dans le respect des RBPF (R\u00e8gles de Bonnes Pratiques Pharmaceutiques). L'utilisation de m\u00e9dicaments standardis\u00e9s est exclue de ce processus de pr\u00e9paration.<\/p>\n<p><strong>Il n'est d\u00e9livr\u00e9 que sur la base d'une prescription m\u00e9dicale qui sera telecharg\u00e9e lors de la finalisation de la commande !<\/strong><\/p>","protected":false},"featured_media":17255,"template":"","meta":[],"product_brand":[],"product_cat":[494,186,274],"product_tag":[495,497,496,500,501,498,499],"class_list":{"0":"post-17640","1":"product","2":"type-product","3":"status-publish","4":"has-post-thumbnail","6":"product_cat-neurologie","7":"product_cat-pediatrie","8":"product_cat-siropuri","9":"product_tag-carbamazepina","10":"product_tag-convulsii","11":"product_tag-epilepsie","12":"product_tag-epilepsie-copii","13":"product_tag-epilepsie-varstnici","14":"product_tag-nevralgie-trigemeni","15":"product_tag-timonil","17":"first","18":"outofstock","19":"shipping-taxable","20":"purchasable","21":"product-type-simple"},"_links":{"self":[{"href":"https:\/\/farmaciacrisia.ro\/fr\/wp-json\/wp\/v2\/product\/17640","targetHints":{"allow":["GET"]}}],"collection":[{"href":"https:\/\/farmaciacrisia.ro\/fr\/wp-json\/wp\/v2\/product"}],"about":[{"href":"https:\/\/farmaciacrisia.ro\/fr\/wp-json\/wp\/v2\/types\/product"}],"version-history":[{"count":12,"href":"https:\/\/farmaciacrisia.ro\/fr\/wp-json\/wp\/v2\/product\/17640\/revisions"}],"predecessor-version":[{"id":20668,"href":"https:\/\/farmaciacrisia.ro\/fr\/wp-json\/wp\/v2\/product\/17640\/revisions\/20668"}],"wp:featuredmedia":[{"embeddable":true,"href":"https:\/\/farmaciacrisia.ro\/fr\/wp-json\/wp\/v2\/media\/17255"}],"wp:attachment":[{"href":"https:\/\/farmaciacrisia.ro\/fr\/wp-json\/wp\/v2\/media?parent=17640"}],"wp:term":[{"taxonomy":"product_brand","embeddable":true,"href":"https:\/\/farmaciacrisia.ro\/fr\/wp-json\/wp\/v2\/product_brand?post=17640"},{"taxonomy":"product_cat","embeddable":true,"href":"https:\/\/farmaciacrisia.ro\/fr\/wp-json\/wp\/v2\/product_cat?post=17640"},{"taxonomy":"product_tag","embeddable":true,"href":"https:\/\/farmaciacrisia.ro\/fr\/wp-json\/wp\/v2\/product_tag?post=17640"}],"curies":[{"name":"wp","href":"https:\/\/api.w.org\/{rel}","templated":true}]}}