{"id":17652,"date":"2024-02-14T11:57:46","date_gmt":"2024-02-14T11:57:46","guid":{"rendered":"https:\/\/farmaciacrisia.ro\/?post_type=product&#038;p=17652"},"modified":"2025-08-18T14:53:14","modified_gmt":"2025-08-18T14:53:14","slug":"imiquimod-5-3g-crema","status":"publish","type":"product","link":"https:\/\/farmaciacrisia.ro\/fr\/produit\/imiquimod-5-3g-crema\/","title":{"rendered":"IMIQUIMOD 5% 3G CR\u00c8ME"},"content":{"rendered":"","protected":false},"excerpt":{"rendered":"<p><strong>La cr\u00e8me d'imiquimod pr\u00e9par\u00e9e dans la pr\u00e9paratoire\/laboratoire salle blanche  est indiqu\u00e9e dans le traitement topique des condylomes g\u00e9nitaux externes et p\u00e9rianaux (condylomes acumin\u00e9s), des carcinomes basocellulaires superficiels (CBCs), de la k\u00e9ratose actinique.<\/strong><\/p>\n<p>\u2713 Lors de la pr\u00e9paration des prescriptions magistrales, seules des substances actives de haute puret\u00e9 sont utilis\u00e9es, dans le respect des RBPF (R\u00e8gles de Bonnes Pratiques Pharmaceutiques). L'utilisation de m\u00e9dicaments standardis\u00e9s est exclue de ce processus de pr\u00e9paration.<\/p>\n<p><strong>Il n'est d\u00e9livr\u00e9 que sur la base d'une prescription m\u00e9dicale qui sera telecharg\u00e9e lors de la finalisation de la commande !<\/strong><\/p>","protected":false},"featured_media":17655,"template":"","meta":[],"product_brand":[],"product_cat":[89,118,77,110,121],"product_tag":[502,503,504,406,505,506],"class_list":{"0":"post-17652","1":"product","2":"type-product","3":"status-publish","4":"has-post-thumbnail","6":"product_cat-creme-si-geluri-dermatologie","7":"product_cat-creme-si-geluri-ginecologie","8":"product_cat-dermatologie","9":"product_cat-ginecologie","10":"product_cat-hpv","11":"product_tag-aldara","12":"product_tag-carcinoame-bazocelulare","13":"product_tag-cheratoza-actinica","14":"product_tag-condiloame-genitale","15":"product_tag-imiquimod","16":"product_tag-veruci","18":"first","19":"outofstock","20":"shipping-taxable","21":"purchasable","22":"product-type-simple"},"_links":{"self":[{"href":"https:\/\/farmaciacrisia.ro\/fr\/wp-json\/wp\/v2\/product\/17652","targetHints":{"allow":["GET"]}}],"collection":[{"href":"https:\/\/farmaciacrisia.ro\/fr\/wp-json\/wp\/v2\/product"}],"about":[{"href":"https:\/\/farmaciacrisia.ro\/fr\/wp-json\/wp\/v2\/types\/product"}],"version-history":[{"count":9,"href":"https:\/\/farmaciacrisia.ro\/fr\/wp-json\/wp\/v2\/product\/17652\/revisions"}],"predecessor-version":[{"id":20667,"href":"https:\/\/farmaciacrisia.ro\/fr\/wp-json\/wp\/v2\/product\/17652\/revisions\/20667"}],"wp:featuredmedia":[{"embeddable":true,"href":"https:\/\/farmaciacrisia.ro\/fr\/wp-json\/wp\/v2\/media\/17655"}],"wp:attachment":[{"href":"https:\/\/farmaciacrisia.ro\/fr\/wp-json\/wp\/v2\/media?parent=17652"}],"wp:term":[{"taxonomy":"product_brand","embeddable":true,"href":"https:\/\/farmaciacrisia.ro\/fr\/wp-json\/wp\/v2\/product_brand?post=17652"},{"taxonomy":"product_cat","embeddable":true,"href":"https:\/\/farmaciacrisia.ro\/fr\/wp-json\/wp\/v2\/product_cat?post=17652"},{"taxonomy":"product_tag","embeddable":true,"href":"https:\/\/farmaciacrisia.ro\/fr\/wp-json\/wp\/v2\/product_tag?post=17652"}],"curies":[{"name":"wp","href":"https:\/\/api.w.org\/{rel}","templated":true}]}}