{"id":17661,"date":"2024-02-14T12:23:53","date_gmt":"2024-02-14T12:23:53","guid":{"rendered":"https:\/\/farmaciacrisia.ro\/?post_type=product&#038;p=17661"},"modified":"2025-08-18T14:50:31","modified_gmt":"2025-08-18T14:50:31","slug":"budesonida-2mg-10-supozitoare","status":"publish","type":"product","link":"https:\/\/farmaciacrisia.ro\/fr\/produit\/budesonida-2mg-10-supozitoare\/","title":{"rendered":"BUD\u00c9SONIDE 2MG 10 SUPPOSITOIRES"},"content":{"rendered":"","protected":false},"excerpt":{"rendered":"<p><strong>Les suppositoires de bud\u00e9sonide pr\u00e9par\u00e9s dans le pr\u00e9paratoire\/laboratoire salle blanche sont indiqu\u00e9s dans le traitement de la colite ulc\u00e9reuse.<\/strong><\/p>\n<p>\u2713 Lors de la pr\u00e9paration des prescriptions magistrales, seules des substances actives de haute puret\u00e9 sont utilis\u00e9es, dans le respect des RBPF (R\u00e8gles de Bonnes Pratiques Pharmaceutiques). L'utilisation de m\u00e9dicaments standardis\u00e9s est exclue de ce processus de pr\u00e9paration.<\/p>\n<p><strong>Il n'est d\u00e9livr\u00e9 que sur la base d'une prescription m\u00e9dicale qui sera telecharg\u00e9e lors de la finalisation de la commande !<\/strong><\/p>","protected":false},"featured_media":16867,"template":"","meta":[],"product_brand":[],"product_cat":[236,237],"product_tag":[512,513,511],"class_list":{"0":"post-17661","1":"product","2":"type-product","3":"status-publish","4":"has-post-thumbnail","6":"product_cat-gastroenterologie","7":"product_cat-capsule-gastroenterologie","8":"product_tag-budenofalk","9":"product_tag-colita-ulcerativa","10":"product_tag-supozitoare-budesonida","12":"first","13":"outofstock","14":"shipping-taxable","15":"purchasable","16":"product-type-simple"},"_links":{"self":[{"href":"https:\/\/farmaciacrisia.ro\/fr\/wp-json\/wp\/v2\/product\/17661","targetHints":{"allow":["GET"]}}],"collection":[{"href":"https:\/\/farmaciacrisia.ro\/fr\/wp-json\/wp\/v2\/product"}],"about":[{"href":"https:\/\/farmaciacrisia.ro\/fr\/wp-json\/wp\/v2\/types\/product"}],"version-history":[{"count":11,"href":"https:\/\/farmaciacrisia.ro\/fr\/wp-json\/wp\/v2\/product\/17661\/revisions"}],"predecessor-version":[{"id":20666,"href":"https:\/\/farmaciacrisia.ro\/fr\/wp-json\/wp\/v2\/product\/17661\/revisions\/20666"}],"wp:featuredmedia":[{"embeddable":true,"href":"https:\/\/farmaciacrisia.ro\/fr\/wp-json\/wp\/v2\/media\/16867"}],"wp:attachment":[{"href":"https:\/\/farmaciacrisia.ro\/fr\/wp-json\/wp\/v2\/media?parent=17661"}],"wp:term":[{"taxonomy":"product_brand","embeddable":true,"href":"https:\/\/farmaciacrisia.ro\/fr\/wp-json\/wp\/v2\/product_brand?post=17661"},{"taxonomy":"product_cat","embeddable":true,"href":"https:\/\/farmaciacrisia.ro\/fr\/wp-json\/wp\/v2\/product_cat?post=17661"},{"taxonomy":"product_tag","embeddable":true,"href":"https:\/\/farmaciacrisia.ro\/fr\/wp-json\/wp\/v2\/product_tag?post=17661"}],"curies":[{"name":"wp","href":"https:\/\/api.w.org\/{rel}","templated":true}]}}