{"id":17668,"date":"2024-02-14T12:40:30","date_gmt":"2024-02-14T12:40:30","guid":{"rendered":"https:\/\/farmaciacrisia.ro\/?post_type=product&#038;p=17668"},"modified":"2025-08-18T14:49:13","modified_gmt":"2025-08-18T14:49:13","slug":"clorhidrat-de-buspirona-10mg-60-capsule","status":"publish","type":"product","link":"https:\/\/farmaciacrisia.ro\/fr\/produit\/clorhidrat-de-buspirona-10mg-60-capsule\/","title":{"rendered":"CHLORHYDRATE DE BUSPIRONE 10 MG 60 G\u00c9LULES"},"content":{"rendered":"","protected":false},"excerpt":{"rendered":"<p><strong>Les g\u00e9lules de chlorhydrate de buspirone pr\u00e9par\u00e9es dans le laboratoire\/pr\u00e9paratoire salle blanche sont indiqu\u00e9es dans le traitement de l'anxi\u00e9t\u00e9 et des \u00e9tats anxieux.<\/strong><\/p>\n<p>\u2713 Lors de la pr\u00e9paration des prescriptions magistrales, seules des substances actives de haute puret\u00e9 sont utilis\u00e9es, dans le respect des RBPF (R\u00e8gles de Bonnes Pratiques Pharmaceutiques). L'utilisation de m\u00e9dicaments standardis\u00e9s est exclue de ce processus de pr\u00e9paration.<\/p>\n<p><strong>Il n'est d\u00e9livr\u00e9 que sur la base d'une prescription m\u00e9dicale qui sera telecharg\u00e9e lors de la finalisation de la commande !<\/strong><\/p>","protected":false},"featured_media":16800,"template":"","meta":[],"product_brand":[],"product_cat":[494,514],"product_tag":[517,516,515,518,519],"class_list":{"0":"post-17668","1":"product","2":"type-product","3":"status-publish","4":"has-post-thumbnail","6":"product_cat-neurologie","7":"product_cat-psihiatrie","8":"product_tag-anxietate","9":"product_tag-buspirona","10":"product_tag-spitomin","11":"product_tag-stare-anxioasa","12":"product_tag-tratament-anxietate","14":"first","15":"outofstock","16":"shipping-taxable","17":"purchasable","18":"product-type-simple"},"_links":{"self":[{"href":"https:\/\/farmaciacrisia.ro\/fr\/wp-json\/wp\/v2\/product\/17668","targetHints":{"allow":["GET"]}}],"collection":[{"href":"https:\/\/farmaciacrisia.ro\/fr\/wp-json\/wp\/v2\/product"}],"about":[{"href":"https:\/\/farmaciacrisia.ro\/fr\/wp-json\/wp\/v2\/types\/product"}],"version-history":[{"count":8,"href":"https:\/\/farmaciacrisia.ro\/fr\/wp-json\/wp\/v2\/product\/17668\/revisions"}],"predecessor-version":[{"id":19293,"href":"https:\/\/farmaciacrisia.ro\/fr\/wp-json\/wp\/v2\/product\/17668\/revisions\/19293"}],"wp:featuredmedia":[{"embeddable":true,"href":"https:\/\/farmaciacrisia.ro\/fr\/wp-json\/wp\/v2\/media\/16800"}],"wp:attachment":[{"href":"https:\/\/farmaciacrisia.ro\/fr\/wp-json\/wp\/v2\/media?parent=17668"}],"wp:term":[{"taxonomy":"product_brand","embeddable":true,"href":"https:\/\/farmaciacrisia.ro\/fr\/wp-json\/wp\/v2\/product_brand?post=17668"},{"taxonomy":"product_cat","embeddable":true,"href":"https:\/\/farmaciacrisia.ro\/fr\/wp-json\/wp\/v2\/product_cat?post=17668"},{"taxonomy":"product_tag","embeddable":true,"href":"https:\/\/farmaciacrisia.ro\/fr\/wp-json\/wp\/v2\/product_tag?post=17668"}],"curies":[{"name":"wp","href":"https:\/\/api.w.org\/{rel}","templated":true}]}}