{"id":17670,"date":"2024-02-16T13:08:18","date_gmt":"2024-02-16T13:08:18","guid":{"rendered":"https:\/\/farmaciacrisia.ro\/?post_type=product&#038;p=17670"},"modified":"2025-08-18T14:47:26","modified_gmt":"2025-08-18T14:47:26","slug":"progesteron-micronizat-8crema-6-doze","status":"publish","type":"product","link":"https:\/\/farmaciacrisia.ro\/fr\/produit\/progesteron-micronizat-8crema-6-doze\/","title":{"rendered":"HORMONE BIOIDENTIQUE PROGEST\u00c9RONE MICRONIS\u00c9E 8% CR\u00c8ME VAGINALE 6 DOSES"},"content":{"rendered":"","protected":false},"excerpt":{"rendered":"<p><strong>La cr\u00e8me vaginale \u00e0 la progest\u00e9rone micronis\u00e9e (bioidentique) 8% pr\u00e9par\u00e9e dans le pr\u00e9paratoire\/laboratoire est indiqu\u00e9e dans les techniques de procr\u00e9ation assist\u00e9e<\/strong>\u00a0(<strong>TPA).<\/strong><\/p>\n<p>\u2713 Lors de la pr\u00e9paration des prescriptions magistrales, seules des substances actives de haute puret\u00e9 sont utilis\u00e9es, dans le respect des RBPF (R\u00e8gles de Bonnes Pratiques Pharmaceutiques). L'utilisation de m\u00e9dicaments standardis\u00e9s est exclue de ce processus de pr\u00e9paration.<\/p>\n<p><strong>Il n'est d\u00e9livr\u00e9 que sur la base d'une prescription m\u00e9dicale qui sera telecharg\u00e9e lors de la finalisation de la commande !<\/strong><\/p>","protected":false},"featured_media":17672,"template":"","meta":[],"product_brand":[],"product_cat":[118,137,117,110,256],"product_tag":[389,388,138,543,390,82,363,143,520,364,391,362,144,81],"class_list":{"0":"post-17670","1":"product","2":"type-product","3":"status-publish","4":"has-post-thumbnail","6":"product_cat-creme-si-geluri-ginecologie","7":"product_cat-fiv","8":"product_cat-forme-farmaceutice-ginecologie","9":"product_cat-ginecologie","10":"product_cat-substitutie-hormonala-bhrt","11":"product_tag-fertilizare","12":"product_tag-fertilizare-in-vitro","13":"product_tag-fiv","14":"product_tag-hormon-bioidentic","15":"product_tag-infertilitate","16":"product_tag-laborator-camera-curata","17":"product_tag-mentinerea-sarcinii","18":"product_tag-progesteron","19":"product_tag-progesteron-micronizat","20":"product_tag-protectie-endometriala","21":"product_tag-protectie-endometru","22":"product_tag-restabilirea-echilibrului-hormonal","23":"product_tag-supozitoare-cu-progesteron","24":"product_tag-tratamente-personalizate","26":"first","27":"outofstock","28":"shipping-taxable","29":"purchasable","30":"product-type-simple"},"_links":{"self":[{"href":"https:\/\/farmaciacrisia.ro\/fr\/wp-json\/wp\/v2\/product\/17670","targetHints":{"allow":["GET"]}}],"collection":[{"href":"https:\/\/farmaciacrisia.ro\/fr\/wp-json\/wp\/v2\/product"}],"about":[{"href":"https:\/\/farmaciacrisia.ro\/fr\/wp-json\/wp\/v2\/types\/product"}],"version-history":[{"count":18,"href":"https:\/\/farmaciacrisia.ro\/fr\/wp-json\/wp\/v2\/product\/17670\/revisions"}],"predecessor-version":[{"id":20665,"href":"https:\/\/farmaciacrisia.ro\/fr\/wp-json\/wp\/v2\/product\/17670\/revisions\/20665"}],"wp:featuredmedia":[{"embeddable":true,"href":"https:\/\/farmaciacrisia.ro\/fr\/wp-json\/wp\/v2\/media\/17672"}],"wp:attachment":[{"href":"https:\/\/farmaciacrisia.ro\/fr\/wp-json\/wp\/v2\/media?parent=17670"}],"wp:term":[{"taxonomy":"product_brand","embeddable":true,"href":"https:\/\/farmaciacrisia.ro\/fr\/wp-json\/wp\/v2\/product_brand?post=17670"},{"taxonomy":"product_cat","embeddable":true,"href":"https:\/\/farmaciacrisia.ro\/fr\/wp-json\/wp\/v2\/product_cat?post=17670"},{"taxonomy":"product_tag","embeddable":true,"href":"https:\/\/farmaciacrisia.ro\/fr\/wp-json\/wp\/v2\/product_tag?post=17670"}],"curies":[{"name":"wp","href":"https:\/\/api.w.org\/{rel}","templated":true}]}}