{"id":17884,"date":"2024-03-10T10:50:19","date_gmt":"2024-03-10T10:50:19","guid":{"rendered":"https:\/\/farmaciacrisia.ro\/?post_type=product&#038;p=17884"},"modified":"2025-09-16T09:29:40","modified_gmt":"2025-09-16T09:29:40","slug":"josamicina-500mg-12-capsule","status":"publish","type":"product","link":"https:\/\/farmaciacrisia.ro\/fr\/produit\/josamicina-500mg-12-capsule\/","title":{"rendered":"JOSAMYCINE 500 MG 12 G\u00c9LULES"},"content":{"rendered":"","protected":false},"excerpt":{"rendered":"<p><strong>Les g\u00e9lules de josamycine 500 mg pr\u00e9par\u00e9es dans le laboratoire\/pr\u00e9paratoire salle blanche sont indiqu\u00e9es dans le traitement des infections caus\u00e9es par<br \/>\ndes micro-organismes sensibles tels que Staphylococcus sp., Streptococcus spp., Streptococcus pneumoniae, Shigella spp., Haemophilus influenzae, Mycoplasma sp. et Ureaplasma Urealiticum.<\/strong><\/p>\n<p>\u2713 Lors de la pr\u00e9paration des prescriptions magistrales, seules des substances actives de haute puret\u00e9 sont utilis\u00e9es, dans le respect des RBPF (R\u00e8gles de Bonnes Pratiques Pharmaceutiques). L'utilisation de m\u00e9dicaments standardis\u00e9s est exclue de ce processus de pr\u00e9paration.<\/p>\n<p><strong>Il n'est d\u00e9livr\u00e9 que sur la base d'une prescription m\u00e9dicale qui sera telecharg\u00e9e lors de la finalisation de la commande !<\/strong><\/p>","protected":false},"featured_media":16800,"template":"","meta":[],"product_brand":[],"product_cat":[77,145,78,267,110],"product_tag":[522,530,533,529,532,82,531],"class_list":{"0":"post-17884","1":"product","2":"type-product","3":"status-publish","4":"has-post-thumbnail","6":"product_cat-dermatologie","7":"product_cat-antimicotice-antiinfectioase","8":"product_cat-capsule","9":"product_cat-capsule-forme-farmaceutice-ginecologie","10":"product_cat-ginecologie","11":"product_tag-crisia-farm","12":"product_tag-josalid","13":"product_tag-josamicin","14":"product_tag-josamicina","15":"product_tag-josamycin","16":"product_tag-laborator-camera-curata","17":"product_tag-wilprafen","19":"first","20":"outofstock","21":"shipping-taxable","22":"purchasable","23":"product-type-simple"},"_links":{"self":[{"href":"https:\/\/farmaciacrisia.ro\/fr\/wp-json\/wp\/v2\/product\/17884","targetHints":{"allow":["GET"]}}],"collection":[{"href":"https:\/\/farmaciacrisia.ro\/fr\/wp-json\/wp\/v2\/product"}],"about":[{"href":"https:\/\/farmaciacrisia.ro\/fr\/wp-json\/wp\/v2\/types\/product"}],"version-history":[{"count":16,"href":"https:\/\/farmaciacrisia.ro\/fr\/wp-json\/wp\/v2\/product\/17884\/revisions"}],"predecessor-version":[{"id":19290,"href":"https:\/\/farmaciacrisia.ro\/fr\/wp-json\/wp\/v2\/product\/17884\/revisions\/19290"}],"wp:featuredmedia":[{"embeddable":true,"href":"https:\/\/farmaciacrisia.ro\/fr\/wp-json\/wp\/v2\/media\/16800"}],"wp:attachment":[{"href":"https:\/\/farmaciacrisia.ro\/fr\/wp-json\/wp\/v2\/media?parent=17884"}],"wp:term":[{"taxonomy":"product_brand","embeddable":true,"href":"https:\/\/farmaciacrisia.ro\/fr\/wp-json\/wp\/v2\/product_brand?post=17884"},{"taxonomy":"product_cat","embeddable":true,"href":"https:\/\/farmaciacrisia.ro\/fr\/wp-json\/wp\/v2\/product_cat?post=17884"},{"taxonomy":"product_tag","embeddable":true,"href":"https:\/\/farmaciacrisia.ro\/fr\/wp-json\/wp\/v2\/product_tag?post=17884"}],"curies":[{"name":"wp","href":"https:\/\/api.w.org\/{rel}","templated":true}]}}