{"id":17947,"date":"2024-03-27T15:07:07","date_gmt":"2024-03-27T15:07:07","guid":{"rendered":"https:\/\/farmaciacrisia.ro\/?post_type=product&#038;p=17947"},"modified":"2025-09-20T07:34:34","modified_gmt":"2025-09-20T07:34:34","slug":"dr-meno-express-youth-activator","status":"publish","type":"product","link":"https:\/\/farmaciacrisia.ro\/fr\/produit\/dr-meno-express-youth-activator\/","title":{"rendered":"Dr. MENO \u2013 ACTIVATEUR DE JEUNESSE EXPRESS"},"content":{"rendered":"","protected":false},"excerpt":{"rendered":"<p style=\"font-weight: 300; color: #777777;\">\u00a0 DR. MENO est utilis\u00e9 pour lutter activement contre les sympt\u00f4mes g\u00e9n\u00e9raux de la p\u00e9rim\u00e9nopause et de la m\u00e9nopause.<\/p>\n<p style=\"font-weight: 300; color: #777777;\">\u00a0 Ce compl\u00e9ment alimentaire contient un complexe tr\u00e8s riche de substances utilis\u00e9es pour am\u00e9liorer le fonctionnement de l'organisme f\u00e9minin, qui pr\u00e9sente un large \u00e9ventail de sympt\u00f4mes caus\u00e9s par le d\u00e9s\u00e9quilibre hormonal important de la m\u00e9nopause.<br \/>\nLe m\u00e9lange est compos\u00e9 de 11 ingr\u00e9dients soigneusement s\u00e9lectionn\u00e9s, chacun ayant un effet b\u00e9n\u00e9fique sur l'organisme, optimisant la qualit\u00e9 de la vie quotidienne et ralentissant le processus de vieillissement rapide.<\/p>","protected":false},"featured_media":17948,"template":"","meta":[],"product_brand":[],"product_cat":[534,15],"product_tag":[],"class_list":{"0":"post-17947","1":"product","2":"type-product","3":"status-publish","4":"has-post-thumbnail","6":"product_cat-superage","7":"product_cat-uncategorized","9":"first","10":"instock","11":"shipping-taxable","12":"purchasable","13":"product-type-simple"},"_links":{"self":[{"href":"https:\/\/farmaciacrisia.ro\/fr\/wp-json\/wp\/v2\/product\/17947","targetHints":{"allow":["GET"]}}],"collection":[{"href":"https:\/\/farmaciacrisia.ro\/fr\/wp-json\/wp\/v2\/product"}],"about":[{"href":"https:\/\/farmaciacrisia.ro\/fr\/wp-json\/wp\/v2\/types\/product"}],"version-history":[{"count":6,"href":"https:\/\/farmaciacrisia.ro\/fr\/wp-json\/wp\/v2\/product\/17947\/revisions"}],"predecessor-version":[{"id":20073,"href":"https:\/\/farmaciacrisia.ro\/fr\/wp-json\/wp\/v2\/product\/17947\/revisions\/20073"}],"wp:featuredmedia":[{"embeddable":true,"href":"https:\/\/farmaciacrisia.ro\/fr\/wp-json\/wp\/v2\/media\/17948"}],"wp:attachment":[{"href":"https:\/\/farmaciacrisia.ro\/fr\/wp-json\/wp\/v2\/media?parent=17947"}],"wp:term":[{"taxonomy":"product_brand","embeddable":true,"href":"https:\/\/farmaciacrisia.ro\/fr\/wp-json\/wp\/v2\/product_brand?post=17947"},{"taxonomy":"product_cat","embeddable":true,"href":"https:\/\/farmaciacrisia.ro\/fr\/wp-json\/wp\/v2\/product_cat?post=17947"},{"taxonomy":"product_tag","embeddable":true,"href":"https:\/\/farmaciacrisia.ro\/fr\/wp-json\/wp\/v2\/product_tag?post=17947"}],"curies":[{"name":"wp","href":"https:\/\/api.w.org\/{rel}","templated":true}]}}