{"id":17953,"date":"2024-03-27T15:09:21","date_gmt":"2024-03-27T15:09:21","guid":{"rendered":"https:\/\/farmaciacrisia.ro\/?post_type=product&#038;p=17953"},"modified":"2025-09-20T07:32:45","modified_gmt":"2025-09-20T07:32:45","slug":"dr-libido-pleasure-enhancer-complex","status":"publish","type":"product","link":"https:\/\/farmaciacrisia.ro\/fr\/produit\/dr-libido-pleasure-enhancer-complex\/","title":{"rendered":"Dr. LIBIDO \u2013 COMPLEXE AMPLIFICATEUR DE PLAISIR"},"content":{"rendered":"","protected":false},"excerpt":{"rendered":"<p style=\"font-weight: 300; color: #777777;\">Ce compl\u00e9ment alimentaire contient un complexe tr\u00e8s riche de substances utilis\u00e9es pour am\u00e9liorer le fonctionnement de l'organisme f\u00e9minin, qui conna\u00eet une forte baisse du d\u00e9sir sexuel, caus\u00e9e par le d\u00e9s\u00e9quilibre hormonal important de la m\u00e9nopause.<br \/>\nLe m\u00e9lange est compos\u00e9 de 11 ingr\u00e9dients soigneusement s\u00e9lectionn\u00e9s, chacun ayant un effet b\u00e9n\u00e9fique sur l'organisme, optimisant la qualit\u00e9 de la vie sexuelle et cr\u00e9ant un \u00e9tat naturel pour celle-ci.<\/p>","protected":false},"featured_media":17954,"template":"","meta":[],"product_brand":[],"product_cat":[534,15],"product_tag":[],"class_list":{"0":"post-17953","1":"product","2":"type-product","3":"status-publish","4":"has-post-thumbnail","6":"product_cat-superage","7":"product_cat-uncategorized","9":"first","10":"instock","11":"shipping-taxable","12":"purchasable","13":"product-type-simple"},"_links":{"self":[{"href":"https:\/\/farmaciacrisia.ro\/fr\/wp-json\/wp\/v2\/product\/17953","targetHints":{"allow":["GET"]}}],"collection":[{"href":"https:\/\/farmaciacrisia.ro\/fr\/wp-json\/wp\/v2\/product"}],"about":[{"href":"https:\/\/farmaciacrisia.ro\/fr\/wp-json\/wp\/v2\/types\/product"}],"version-history":[{"count":6,"href":"https:\/\/farmaciacrisia.ro\/fr\/wp-json\/wp\/v2\/product\/17953\/revisions"}],"predecessor-version":[{"id":20074,"href":"https:\/\/farmaciacrisia.ro\/fr\/wp-json\/wp\/v2\/product\/17953\/revisions\/20074"}],"wp:featuredmedia":[{"embeddable":true,"href":"https:\/\/farmaciacrisia.ro\/fr\/wp-json\/wp\/v2\/media\/17954"}],"wp:attachment":[{"href":"https:\/\/farmaciacrisia.ro\/fr\/wp-json\/wp\/v2\/media?parent=17953"}],"wp:term":[{"taxonomy":"product_brand","embeddable":true,"href":"https:\/\/farmaciacrisia.ro\/fr\/wp-json\/wp\/v2\/product_brand?post=17953"},{"taxonomy":"product_cat","embeddable":true,"href":"https:\/\/farmaciacrisia.ro\/fr\/wp-json\/wp\/v2\/product_cat?post=17953"},{"taxonomy":"product_tag","embeddable":true,"href":"https:\/\/farmaciacrisia.ro\/fr\/wp-json\/wp\/v2\/product_tag?post=17953"}],"curies":[{"name":"wp","href":"https:\/\/api.w.org\/{rel}","templated":true}]}}