{"id":17957,"date":"2024-03-27T15:18:37","date_gmt":"2024-03-27T15:18:37","guid":{"rendered":"https:\/\/farmaciacrisia.ro\/?post_type=product&#038;p=17957"},"modified":"2026-03-09T10:07:36","modified_gmt":"2026-03-09T10:07:36","slug":"dr-energy-cell-vitality-booster","status":"publish","type":"product","link":"https:\/\/farmaciacrisia.ro\/fr\/produit\/dr-energy-cell-vitality-booster\/","title":{"rendered":"Dr. ENERGY \u2013 BOOSTER DE VITALIT\u00c9 CELLULAIRE"},"content":{"rendered":"","protected":false},"excerpt":{"rendered":"<h4>DR. ENERGY est utilis\u00e9 pour lutter activement contre un certain nombre de sympt\u00f4mes qui r\u00e9duisent les performances globales des femmes pendant la p\u00e9rim\u00e9nopause et la m\u00e9nopause.<\/h4>\n<p>Ce compl\u00e9ment alimentaire contient un complexe tr\u00e8s riche de substances utilis\u00e9es pour am\u00e9liorer le fonctionnement de l'organisme f\u00e9minin, qui conna\u00eet une forte baisse de l'\u00e9nergie globale, caus\u00e9e par le d\u00e9s\u00e9quilibre hormonal important de la m\u00e9nopause.<br \/>\nLe m\u00e9lange cr\u00e9\u00e9 est compos\u00e9 de 12 ingr\u00e9dients soigneusement s\u00e9lectionn\u00e9s, chacun ayant un effet b\u00e9n\u00e9fique sur l'organisme, optimisant la puissance et l'\u00e9nergie du corps f\u00e9minin.<\/p>","protected":false},"featured_media":17960,"template":"","meta":[],"product_brand":[],"product_cat":[534,15],"product_tag":[],"class_list":{"0":"post-17957","1":"product","2":"type-product","3":"status-publish","4":"has-post-thumbnail","6":"product_cat-superage","7":"product_cat-uncategorized","8":"fc-lipsa","10":"first","11":"lipsa","12":"shipping-taxable","13":"product-type-simple"},"_links":{"self":[{"href":"https:\/\/farmaciacrisia.ro\/fr\/wp-json\/wp\/v2\/product\/17957","targetHints":{"allow":["GET"]}}],"collection":[{"href":"https:\/\/farmaciacrisia.ro\/fr\/wp-json\/wp\/v2\/product"}],"about":[{"href":"https:\/\/farmaciacrisia.ro\/fr\/wp-json\/wp\/v2\/types\/product"}],"version-history":[{"count":5,"href":"https:\/\/farmaciacrisia.ro\/fr\/wp-json\/wp\/v2\/product\/17957\/revisions"}],"predecessor-version":[{"id":20072,"href":"https:\/\/farmaciacrisia.ro\/fr\/wp-json\/wp\/v2\/product\/17957\/revisions\/20072"}],"wp:featuredmedia":[{"embeddable":true,"href":"https:\/\/farmaciacrisia.ro\/fr\/wp-json\/wp\/v2\/media\/17960"}],"wp:attachment":[{"href":"https:\/\/farmaciacrisia.ro\/fr\/wp-json\/wp\/v2\/media?parent=17957"}],"wp:term":[{"taxonomy":"product_brand","embeddable":true,"href":"https:\/\/farmaciacrisia.ro\/fr\/wp-json\/wp\/v2\/product_brand?post=17957"},{"taxonomy":"product_cat","embeddable":true,"href":"https:\/\/farmaciacrisia.ro\/fr\/wp-json\/wp\/v2\/product_cat?post=17957"},{"taxonomy":"product_tag","embeddable":true,"href":"https:\/\/farmaciacrisia.ro\/fr\/wp-json\/wp\/v2\/product_tag?post=17957"}],"curies":[{"name":"wp","href":"https:\/\/api.w.org\/{rel}","templated":true}]}}