{"id":18963,"date":"2024-08-20T08:49:37","date_gmt":"2024-08-20T08:49:37","guid":{"rendered":"https:\/\/farmaciacrisia.ro\/?post_type=product&#038;p=18963"},"modified":"2025-08-04T10:10:16","modified_gmt":"2025-08-04T10:10:16","slug":"aparat-de-aerosoli-mr-eight-pic-solution-cu-micropistonaparat-de-aerosoli-miss-bibi-pic-solution-cu-micropiston","status":"publish","type":"product","link":"https:\/\/farmaciacrisia.ro\/fr\/produit\/aparat-de-aerosoli-mr-eight-pic-solution-cu-micropistonaparat-de-aerosoli-miss-bibi-pic-solution-cu-micropiston\/","title":{"rendered":"Dispositif d'a\u00e9rosol Mr Eight PiC Solution avec micropiston"},"content":{"rendered":"","protected":false},"excerpt":{"rendered":"<p>Le dispositif a\u00e9rosol Mr Eight de PiC Solution est un appareil d'a\u00e9rosolth\u00e9rapie. Con\u00e7u et produit en Italie par PiC Solution, ce n\u00e9buliseur contient un moteur \u00e0 micropiston et utilise la technologie la plus moderne dans ce domaine. Mr Eight est un dispositif m\u00e9dical de classe II qui transforme les m\u00e9dicaments sous forme de liquide ou de suspension en a\u00e9rosol afin de les administrer directement dans les voies respiratoires. Cette proc\u00e9dure rend le traitement beaucoup plus facile \u00e0 accepter et \u00e0 assimiler par le corps humain. Le dispositif Mr. Eight a \u00e9t\u00e9 con\u00e7u pour int\u00e9grer tous les accessoires fournis avec lui (flacon n\u00e9buliseur Acti-Fast Pro, embout buccal, embout nasal, masque adulte et masque enfant).<\/p>\n<p>Mr. Eight contient le flacon de n\u00e9bulisation Acti-Fast Pro qui permet une p\u00e9n\u00e9tration plus profonde du m\u00e9dicament dans les voies respiratoires gr\u00e2ce \u00e0 la taille optimale des particules d'a\u00e9rosol g\u00e9n\u00e9r\u00e9es.<\/p>\n<p>Ce dispositif est test\u00e9 \u00e0 l'Universit\u00e9 de Parme - D\u00e9partement de pharmacie, conform\u00e9ment \u00e0 la norme EN 13544-1 pour la mesure du diam\u00e8tre moyen des particules d'a\u00e9rosol (MADD), le taux de n\u00e9bulisation et la fraction respirable. Ce dispositif d'a\u00e9rosol est \u00e9galement approuv\u00e9 par le Minist\u00e8re Roumain de la Sant\u00e9.<\/p>","protected":false},"featured_media":18964,"template":"","meta":[],"product_brand":[],"product_cat":[15],"product_tag":[],"class_list":{"0":"post-18963","1":"product","2":"type-product","3":"status-publish","4":"has-post-thumbnail","6":"product_cat-uncategorized","8":"first","9":"instock","10":"shipping-taxable","11":"purchasable","12":"product-type-simple"},"_links":{"self":[{"href":"https:\/\/farmaciacrisia.ro\/fr\/wp-json\/wp\/v2\/product\/18963","targetHints":{"allow":["GET"]}}],"collection":[{"href":"https:\/\/farmaciacrisia.ro\/fr\/wp-json\/wp\/v2\/product"}],"about":[{"href":"https:\/\/farmaciacrisia.ro\/fr\/wp-json\/wp\/v2\/types\/product"}],"version-history":[{"count":7,"href":"https:\/\/farmaciacrisia.ro\/fr\/wp-json\/wp\/v2\/product\/18963\/revisions"}],"predecessor-version":[{"id":20081,"href":"https:\/\/farmaciacrisia.ro\/fr\/wp-json\/wp\/v2\/product\/18963\/revisions\/20081"}],"wp:featuredmedia":[{"embeddable":true,"href":"https:\/\/farmaciacrisia.ro\/fr\/wp-json\/wp\/v2\/media\/18964"}],"wp:attachment":[{"href":"https:\/\/farmaciacrisia.ro\/fr\/wp-json\/wp\/v2\/media?parent=18963"}],"wp:term":[{"taxonomy":"product_brand","embeddable":true,"href":"https:\/\/farmaciacrisia.ro\/fr\/wp-json\/wp\/v2\/product_brand?post=18963"},{"taxonomy":"product_cat","embeddable":true,"href":"https:\/\/farmaciacrisia.ro\/fr\/wp-json\/wp\/v2\/product_cat?post=18963"},{"taxonomy":"product_tag","embeddable":true,"href":"https:\/\/farmaciacrisia.ro\/fr\/wp-json\/wp\/v2\/product_tag?post=18963"}],"curies":[{"name":"wp","href":"https:\/\/api.w.org\/{rel}","templated":true}]}}