{"id":18976,"date":"2024-08-20T09:04:33","date_gmt":"2024-08-20T09:04:33","guid":{"rendered":"https:\/\/farmaciacrisia.ro\/?post_type=product&#038;p=18976"},"modified":"2025-08-04T12:03:14","modified_gmt":"2025-08-04T12:03:14","slug":"aireasy-on-pic-solution","status":"publish","type":"product","link":"https:\/\/farmaciacrisia.ro\/fr\/produit\/aireasy-on-pic-solution\/","title":{"rendered":"AIREasy On PiC Solution"},"content":{"rendered":"","protected":false},"excerpt":{"rendered":"<p>*La campagne se d\u00e9roule dans les pharmacies Crisia et en ligne, jusqu&#039;\u00e0 \u00e9puisement des stocks.<\/p>\n<p>&nbsp;<\/p>\n<p><em>Conception tout-en-un<\/em><\/p>\n<p><em>Bloc d'alimentation USB<\/em><\/p>\n<p><em>Id\u00e9al pour toute la famille<\/em><\/p>\n<p><strong>\u00a0<\/strong><\/p>\n<ul>\n<li>DESIGN ULTRA PORTABLE : gr\u00e2ce \u00e0 sa petite taille et \u00e0 son poids l\u00e9ger, cet a\u00e9rosol peut \u00eatre facilement appliqu\u00e9 sur le visage de l'utilisateur, ce qui lui laisse les mains libres.<\/li>\n<li>TOUJOURS AVEC VOUS : tr\u00e8s facile \u00e0 transporter et \u00e0 utiliser dans toutes les conditions de voyage, gr\u00e2ce \u00e0 sa petite taille.<\/li>\n<li>\u00c9CONOMIE D'\u00c9NERGIE 100% \u00c9COLOGIQUE : pas de batterie int\u00e9gr\u00e9e \u00e0 recharger ou \u00e0 remplacer. Peut \u00eatre recharg\u00e9 \u00e0 l'aide de dispositifs USB utilis\u00e9s quotidiennement.<\/li>\n<li>N\u00c9BULISER TOUT TYPE DE M\u00c9DICAMENT*.<\/li>\n<\/ul>","protected":false},"featured_media":18988,"template":"","meta":[],"product_brand":[],"product_cat":[15],"product_tag":[],"class_list":{"0":"post-18976","1":"product","2":"type-product","3":"status-publish","4":"has-post-thumbnail","6":"product_cat-uncategorized","8":"first","9":"onbackorder","10":"shipping-taxable","11":"purchasable","12":"product-type-simple"},"_links":{"self":[{"href":"https:\/\/farmaciacrisia.ro\/fr\/wp-json\/wp\/v2\/product\/18976","targetHints":{"allow":["GET"]}}],"collection":[{"href":"https:\/\/farmaciacrisia.ro\/fr\/wp-json\/wp\/v2\/product"}],"about":[{"href":"https:\/\/farmaciacrisia.ro\/fr\/wp-json\/wp\/v2\/types\/product"}],"version-history":[{"count":9,"href":"https:\/\/farmaciacrisia.ro\/fr\/wp-json\/wp\/v2\/product\/18976\/revisions"}],"predecessor-version":[{"id":20083,"href":"https:\/\/farmaciacrisia.ro\/fr\/wp-json\/wp\/v2\/product\/18976\/revisions\/20083"}],"wp:featuredmedia":[{"embeddable":true,"href":"https:\/\/farmaciacrisia.ro\/fr\/wp-json\/wp\/v2\/media\/18988"}],"wp:attachment":[{"href":"https:\/\/farmaciacrisia.ro\/fr\/wp-json\/wp\/v2\/media?parent=18976"}],"wp:term":[{"taxonomy":"product_brand","embeddable":true,"href":"https:\/\/farmaciacrisia.ro\/fr\/wp-json\/wp\/v2\/product_brand?post=18976"},{"taxonomy":"product_cat","embeddable":true,"href":"https:\/\/farmaciacrisia.ro\/fr\/wp-json\/wp\/v2\/product_cat?post=18976"},{"taxonomy":"product_tag","embeddable":true,"href":"https:\/\/farmaciacrisia.ro\/fr\/wp-json\/wp\/v2\/product_tag?post=18976"}],"curies":[{"name":"wp","href":"https:\/\/api.w.org\/{rel}","templated":true}]}}