{"id":18998,"date":"2024-08-20T09:28:21","date_gmt":"2024-08-20T09:28:21","guid":{"rendered":"https:\/\/farmaciacrisia.ro\/?post_type=product&#038;p=18998"},"modified":"2025-08-04T10:00:42","modified_gmt":"2025-08-04T10:00:42","slug":"termometru-cu-infrarosu-pic-solution-non-contact-thermo-easy-plus","status":"publish","type":"product","link":"https:\/\/farmaciacrisia.ro\/fr\/produit\/termometru-cu-infrarosu-pic-solution-non-contact-thermo-easy-plus\/","title":{"rendered":"THERMOM\u00c8TRE INFRAROUGE SANS CONTACT PIC SOLUTION THERMO EASY PLUS"},"content":{"rendered":"","protected":false},"excerpt":{"rendered":"<p>Le thermom\u00e8tre infrarouge est destin\u00e9 \u00e0 la mesure intermittente de la temp\u00e9rature du corps humain pour les personnes de tous \u00e2ges. Le thermom\u00e8tre convertit la temp\u00e9rature frontale et affiche son \"\u00e9quivalent oral\".<\/p>","protected":false},"featured_media":19006,"template":"","meta":[],"product_brand":[],"product_cat":[15],"product_tag":[],"class_list":{"0":"post-18998","1":"product","2":"type-product","3":"status-publish","4":"has-post-thumbnail","6":"product_cat-uncategorized","8":"first","9":"instock","10":"shipping-taxable","11":"purchasable","12":"product-type-simple"},"_links":{"self":[{"href":"https:\/\/farmaciacrisia.ro\/fr\/wp-json\/wp\/v2\/product\/18998","targetHints":{"allow":["GET"]}}],"collection":[{"href":"https:\/\/farmaciacrisia.ro\/fr\/wp-json\/wp\/v2\/product"}],"about":[{"href":"https:\/\/farmaciacrisia.ro\/fr\/wp-json\/wp\/v2\/types\/product"}],"version-history":[{"count":6,"href":"https:\/\/farmaciacrisia.ro\/fr\/wp-json\/wp\/v2\/product\/18998\/revisions"}],"predecessor-version":[{"id":20076,"href":"https:\/\/farmaciacrisia.ro\/fr\/wp-json\/wp\/v2\/product\/18998\/revisions\/20076"}],"wp:featuredmedia":[{"embeddable":true,"href":"https:\/\/farmaciacrisia.ro\/fr\/wp-json\/wp\/v2\/media\/19006"}],"wp:attachment":[{"href":"https:\/\/farmaciacrisia.ro\/fr\/wp-json\/wp\/v2\/media?parent=18998"}],"wp:term":[{"taxonomy":"product_brand","embeddable":true,"href":"https:\/\/farmaciacrisia.ro\/fr\/wp-json\/wp\/v2\/product_brand?post=18998"},{"taxonomy":"product_cat","embeddable":true,"href":"https:\/\/farmaciacrisia.ro\/fr\/wp-json\/wp\/v2\/product_cat?post=18998"},{"taxonomy":"product_tag","embeddable":true,"href":"https:\/\/farmaciacrisia.ro\/fr\/wp-json\/wp\/v2\/product_tag?post=18998"}],"curies":[{"name":"wp","href":"https:\/\/api.w.org\/{rel}","templated":true}]}}