{"id":19010,"date":"2024-08-20T09:48:39","date_gmt":"2024-08-20T09:48:39","guid":{"rendered":"https:\/\/farmaciacrisia.ro\/?post_type=product&#038;p=19010"},"modified":"2025-08-04T10:00:02","modified_gmt":"2025-08-04T10:00:02","slug":"termometru-de-ureche-cu-infrarosu-thermo-diary-ear-cu-masurare-instantanee","status":"publish","type":"product","link":"https:\/\/farmaciacrisia.ro\/fr\/produit\/termometru-de-ureche-cu-infrarosu-thermo-diary-ear-cu-masurare-instantanee\/","title":{"rendered":"Thermom\u00e8tre auriculaire infrarouge Thermo Diary Ear avec mesure instantan\u00e9e"},"content":{"rendered":"","protected":false},"excerpt":{"rendered":"<p>Le thermom\u00e8tre auriculaire infrarouge mesure la chaleur infrarouge g\u00e9n\u00e9r\u00e9e par le tympan et les tissus environnants pour refl\u00e9ter la temp\u00e9rature corporelle du patient, en utilisant la technologie la plus r\u00e9cente. Ce thermom\u00e8tre est cliniquement valid\u00e9 et conforme \u00e0 la directive europ\u00e9enne sur les dispositifs m\u00e9dicaux (93\/42\/CEE).<\/p>","protected":false},"featured_media":19011,"template":"","meta":[],"product_brand":[],"product_cat":[15],"product_tag":[],"class_list":{"0":"post-19010","1":"product","2":"type-product","3":"status-publish","4":"has-post-thumbnail","6":"product_cat-uncategorized","8":"first","9":"instock","10":"shipping-taxable","11":"purchasable","12":"product-type-simple"},"_links":{"self":[{"href":"https:\/\/farmaciacrisia.ro\/fr\/wp-json\/wp\/v2\/product\/19010","targetHints":{"allow":["GET"]}}],"collection":[{"href":"https:\/\/farmaciacrisia.ro\/fr\/wp-json\/wp\/v2\/product"}],"about":[{"href":"https:\/\/farmaciacrisia.ro\/fr\/wp-json\/wp\/v2\/types\/product"}],"version-history":[{"count":8,"href":"https:\/\/farmaciacrisia.ro\/fr\/wp-json\/wp\/v2\/product\/19010\/revisions"}],"predecessor-version":[{"id":20075,"href":"https:\/\/farmaciacrisia.ro\/fr\/wp-json\/wp\/v2\/product\/19010\/revisions\/20075"}],"wp:featuredmedia":[{"embeddable":true,"href":"https:\/\/farmaciacrisia.ro\/fr\/wp-json\/wp\/v2\/media\/19011"}],"wp:attachment":[{"href":"https:\/\/farmaciacrisia.ro\/fr\/wp-json\/wp\/v2\/media?parent=19010"}],"wp:term":[{"taxonomy":"product_brand","embeddable":true,"href":"https:\/\/farmaciacrisia.ro\/fr\/wp-json\/wp\/v2\/product_brand?post=19010"},{"taxonomy":"product_cat","embeddable":true,"href":"https:\/\/farmaciacrisia.ro\/fr\/wp-json\/wp\/v2\/product_cat?post=19010"},{"taxonomy":"product_tag","embeddable":true,"href":"https:\/\/farmaciacrisia.ro\/fr\/wp-json\/wp\/v2\/product_tag?post=19010"}],"curies":[{"name":"wp","href":"https:\/\/api.w.org\/{rel}","templated":true}]}}