{"id":19016,"date":"2024-08-20T09:53:35","date_gmt":"2024-08-20T09:53:35","guid":{"rendered":"https:\/\/farmaciacrisia.ro\/?post_type=product&#038;p=19016"},"modified":"2025-08-04T10:11:38","modified_gmt":"2025-08-04T10:11:38","slug":"termometru-multifunctional-non-contact-cu-infrarosu-thermo-diary-head-6-in-1","status":"publish","type":"product","link":"https:\/\/farmaciacrisia.ro\/fr\/produit\/termometru-multifunctional-non-contact-cu-infrarosu-thermo-diary-head-6-in-1\/","title":{"rendered":"Thermo Diary Head 6 en 1 Thermom\u00e8tre infrarouge multifonction sans contact"},"content":{"rendered":"","protected":false},"excerpt":{"rendered":"<p>Utilisant la technologie infrarouge, ce thermom\u00e8tre sans contact mesure les temp\u00e9ratures en quelques secondes en mesurant la chaleur g\u00e9n\u00e9r\u00e9e par la surface de la peau sur le front ou d'autres objets. Ce produit est conforme \u00e0 la directive europ\u00e9enne sur les dispositifs m\u00e9dicaux (93\/42\/CEE).<\/p>","protected":false},"featured_media":19017,"template":"","meta":[],"product_brand":[],"product_cat":[15],"product_tag":[],"class_list":{"0":"post-19016","1":"product","2":"type-product","3":"status-publish","4":"has-post-thumbnail","6":"product_cat-uncategorized","8":"first","9":"instock","10":"shipping-taxable","11":"purchasable","12":"product-type-simple"},"_links":{"self":[{"href":"https:\/\/farmaciacrisia.ro\/fr\/wp-json\/wp\/v2\/product\/19016","targetHints":{"allow":["GET"]}}],"collection":[{"href":"https:\/\/farmaciacrisia.ro\/fr\/wp-json\/wp\/v2\/product"}],"about":[{"href":"https:\/\/farmaciacrisia.ro\/fr\/wp-json\/wp\/v2\/types\/product"}],"version-history":[{"count":5,"href":"https:\/\/farmaciacrisia.ro\/fr\/wp-json\/wp\/v2\/product\/19016\/revisions"}],"predecessor-version":[{"id":20082,"href":"https:\/\/farmaciacrisia.ro\/fr\/wp-json\/wp\/v2\/product\/19016\/revisions\/20082"}],"wp:featuredmedia":[{"embeddable":true,"href":"https:\/\/farmaciacrisia.ro\/fr\/wp-json\/wp\/v2\/media\/19017"}],"wp:attachment":[{"href":"https:\/\/farmaciacrisia.ro\/fr\/wp-json\/wp\/v2\/media?parent=19016"}],"wp:term":[{"taxonomy":"product_brand","embeddable":true,"href":"https:\/\/farmaciacrisia.ro\/fr\/wp-json\/wp\/v2\/product_brand?post=19016"},{"taxonomy":"product_cat","embeddable":true,"href":"https:\/\/farmaciacrisia.ro\/fr\/wp-json\/wp\/v2\/product_cat?post=19016"},{"taxonomy":"product_tag","embeddable":true,"href":"https:\/\/farmaciacrisia.ro\/fr\/wp-json\/wp\/v2\/product_tag?post=19016"}],"curies":[{"name":"wp","href":"https:\/\/api.w.org\/{rel}","templated":true}]}}