{"id":19022,"date":"2024-08-20T10:00:06","date_gmt":"2024-08-20T10:00:06","guid":{"rendered":"https:\/\/farmaciacrisia.ro\/?post_type=product&#038;p=19022"},"modified":"2025-08-04T12:45:15","modified_gmt":"2025-08-04T12:45:15","slug":"pic-solution-tensiometru-pentru-brat-mobile-rapid","status":"publish","type":"product","link":"https:\/\/farmaciacrisia.ro\/fr\/produit\/pic-solution-tensiometru-pentru-brat-mobile-rapid\/","title":{"rendered":"PIC SOLUTION \u2013 Tensiom\u00e8tre rapide au bras mobile"},"content":{"rendered":"","protected":false},"excerpt":{"rendered":"<p><b>Tensiom\u00e8tre automatique utilisant les derni\u00e8res technologies pour des contr\u00f4les fr\u00e9quents et des mesures rapides et confortables de la pression art\u00e9rielle. Moniteur surdimensionn\u00e9 et \u00e9clair\u00e9 en bleu pour une lecture plus facile et plus pr\u00e9cise. Permet la connectivit\u00e9 Bluetooth avec l'application PiC Health Station.<\/b><\/p>","protected":false},"featured_media":19023,"template":"","meta":[],"product_brand":[],"product_cat":[15],"product_tag":[],"class_list":{"0":"post-19022","1":"product","2":"type-product","3":"status-publish","4":"has-post-thumbnail","6":"product_cat-uncategorized","8":"first","9":"instock","10":"shipping-taxable","11":"purchasable","12":"product-type-simple"},"_links":{"self":[{"href":"https:\/\/farmaciacrisia.ro\/fr\/wp-json\/wp\/v2\/product\/19022","targetHints":{"allow":["GET"]}}],"collection":[{"href":"https:\/\/farmaciacrisia.ro\/fr\/wp-json\/wp\/v2\/product"}],"about":[{"href":"https:\/\/farmaciacrisia.ro\/fr\/wp-json\/wp\/v2\/types\/product"}],"version-history":[{"count":7,"href":"https:\/\/farmaciacrisia.ro\/fr\/wp-json\/wp\/v2\/product\/19022\/revisions"}],"predecessor-version":[{"id":20086,"href":"https:\/\/farmaciacrisia.ro\/fr\/wp-json\/wp\/v2\/product\/19022\/revisions\/20086"}],"wp:featuredmedia":[{"embeddable":true,"href":"https:\/\/farmaciacrisia.ro\/fr\/wp-json\/wp\/v2\/media\/19023"}],"wp:attachment":[{"href":"https:\/\/farmaciacrisia.ro\/fr\/wp-json\/wp\/v2\/media?parent=19022"}],"wp:term":[{"taxonomy":"product_brand","embeddable":true,"href":"https:\/\/farmaciacrisia.ro\/fr\/wp-json\/wp\/v2\/product_brand?post=19022"},{"taxonomy":"product_cat","embeddable":true,"href":"https:\/\/farmaciacrisia.ro\/fr\/wp-json\/wp\/v2\/product_cat?post=19022"},{"taxonomy":"product_tag","embeddable":true,"href":"https:\/\/farmaciacrisia.ro\/fr\/wp-json\/wp\/v2\/product_tag?post=19022"}],"curies":[{"name":"wp","href":"https:\/\/api.w.org\/{rel}","templated":true}]}}