{"id":19028,"date":"2024-08-20T10:04:54","date_gmt":"2024-08-20T10:04:54","guid":{"rendered":"https:\/\/farmaciacrisia.ro\/?post_type=product&#038;p=19028"},"modified":"2025-08-04T12:44:39","modified_gmt":"2025-08-04T12:44:39","slug":"pic-solution-tensiometru-pentru-brat-maxi-rapid","status":"publish","type":"product","link":"https:\/\/farmaciacrisia.ro\/fr\/produit\/pic-solution-tensiometru-pentru-brat-maxi-rapid\/","title":{"rendered":"PIC SOLUTION \u2013 Tensiom\u00e8tre \u00e0 bras MAXI Rapid"},"content":{"rendered":"","protected":false},"excerpt":{"rendered":"<p>Tensiom\u00e8tre digital automatique utilisant les derni\u00e8res technologies pour une surveillance fr\u00e9quente avec des mesures rapides et confortables de la pression art\u00e9rielle. Le moniteur surdimensionn\u00e9 permet une lecture facile et pr\u00e9cise.<\/p>","protected":false},"featured_media":19030,"template":"","meta":[],"product_brand":[],"product_cat":[15],"product_tag":[],"class_list":{"0":"post-19028","1":"product","2":"type-product","3":"status-publish","4":"has-post-thumbnail","6":"product_cat-uncategorized","8":"first","9":"instock","10":"shipping-taxable","11":"purchasable","12":"product-type-simple"},"_links":{"self":[{"href":"https:\/\/farmaciacrisia.ro\/fr\/wp-json\/wp\/v2\/product\/19028","targetHints":{"allow":["GET"]}}],"collection":[{"href":"https:\/\/farmaciacrisia.ro\/fr\/wp-json\/wp\/v2\/product"}],"about":[{"href":"https:\/\/farmaciacrisia.ro\/fr\/wp-json\/wp\/v2\/types\/product"}],"version-history":[{"count":10,"href":"https:\/\/farmaciacrisia.ro\/fr\/wp-json\/wp\/v2\/product\/19028\/revisions"}],"predecessor-version":[{"id":20085,"href":"https:\/\/farmaciacrisia.ro\/fr\/wp-json\/wp\/v2\/product\/19028\/revisions\/20085"}],"wp:featuredmedia":[{"embeddable":true,"href":"https:\/\/farmaciacrisia.ro\/fr\/wp-json\/wp\/v2\/media\/19030"}],"wp:attachment":[{"href":"https:\/\/farmaciacrisia.ro\/fr\/wp-json\/wp\/v2\/media?parent=19028"}],"wp:term":[{"taxonomy":"product_brand","embeddable":true,"href":"https:\/\/farmaciacrisia.ro\/fr\/wp-json\/wp\/v2\/product_brand?post=19028"},{"taxonomy":"product_cat","embeddable":true,"href":"https:\/\/farmaciacrisia.ro\/fr\/wp-json\/wp\/v2\/product_cat?post=19028"},{"taxonomy":"product_tag","embeddable":true,"href":"https:\/\/farmaciacrisia.ro\/fr\/wp-json\/wp\/v2\/product_tag?post=19028"}],"curies":[{"name":"wp","href":"https:\/\/api.w.org\/{rel}","templated":true}]}}