{"id":19270,"date":"2024-08-26T08:52:49","date_gmt":"2024-08-26T08:52:49","guid":{"rendered":"https:\/\/farmaciacrisia.ro\/?post_type=product&#038;p=19270"},"modified":"2025-08-18T14:20:29","modified_gmt":"2025-08-18T14:20:29","slug":"ondansetron-1-mg-5-supozitoare","status":"publish","type":"product","link":"https:\/\/farmaciacrisia.ro\/fr\/produit\/ondansetron-1-mg-5-supozitoare\/","title":{"rendered":"ONDANS\u00c9TRON 1 MG 5 SUPPOSITOIRES"},"content":{"rendered":"","protected":false},"excerpt":{"rendered":"<p><strong>Les suppositoires d'ondans\u00e9tron 1 mg pr\u00e9par\u00e9s dans le laboratoire\/pr\u00e9paratoire salle blanche sont principalement utilis\u00e9s pour le traitement des naus\u00e9es et des vomissements.<\/strong><\/p>\n<p>\u2713 Lors de la pr\u00e9paration des prescriptions magistrales, seules des substances actives de haute puret\u00e9 sont utilis\u00e9es, dans le respect des RBPF (R\u00e8gles de Bonnes Pratiques Pharmaceutiques). L'utilisation de m\u00e9dicaments standardis\u00e9s est exclue de ce processus de pr\u00e9paration.<\/p>\n<p><strong>Il n'est d\u00e9livr\u00e9 que sur la base d'une prescription m\u00e9dicale qui sera telecharg\u00e9e lors de la finalisation de la commande !<\/strong><\/p>","protected":false},"featured_media":16867,"template":"","meta":[],"product_brand":[],"product_cat":[236,186,548],"product_tag":[568,578,576,577],"class_list":{"0":"post-19270","1":"product","2":"type-product","3":"status-publish","4":"has-post-thumbnail","6":"product_cat-gastroenterologie","7":"product_cat-pediatrie","8":"product_cat-supozitoare","9":"product_tag-greata","10":"product_tag-greata-copii","11":"product_tag-ondansetron","12":"product_tag-supozitoare-ondansetron","14":"first","15":"outofstock","16":"shipping-taxable","17":"purchasable","18":"product-type-simple"},"_links":{"self":[{"href":"https:\/\/farmaciacrisia.ro\/fr\/wp-json\/wp\/v2\/product\/19270","targetHints":{"allow":["GET"]}}],"collection":[{"href":"https:\/\/farmaciacrisia.ro\/fr\/wp-json\/wp\/v2\/product"}],"about":[{"href":"https:\/\/farmaciacrisia.ro\/fr\/wp-json\/wp\/v2\/types\/product"}],"version-history":[{"count":5,"href":"https:\/\/farmaciacrisia.ro\/fr\/wp-json\/wp\/v2\/product\/19270\/revisions"}],"predecessor-version":[{"id":20658,"href":"https:\/\/farmaciacrisia.ro\/fr\/wp-json\/wp\/v2\/product\/19270\/revisions\/20658"}],"wp:featuredmedia":[{"embeddable":true,"href":"https:\/\/farmaciacrisia.ro\/fr\/wp-json\/wp\/v2\/media\/16867"}],"wp:attachment":[{"href":"https:\/\/farmaciacrisia.ro\/fr\/wp-json\/wp\/v2\/media?parent=19270"}],"wp:term":[{"taxonomy":"product_brand","embeddable":true,"href":"https:\/\/farmaciacrisia.ro\/fr\/wp-json\/wp\/v2\/product_brand?post=19270"},{"taxonomy":"product_cat","embeddable":true,"href":"https:\/\/farmaciacrisia.ro\/fr\/wp-json\/wp\/v2\/product_cat?post=19270"},{"taxonomy":"product_tag","embeddable":true,"href":"https:\/\/farmaciacrisia.ro\/fr\/wp-json\/wp\/v2\/product_tag?post=19270"}],"curies":[{"name":"wp","href":"https:\/\/api.w.org\/{rel}","templated":true}]}}