{"id":19280,"date":"2024-08-26T09:21:12","date_gmt":"2024-08-26T09:21:12","guid":{"rendered":"https:\/\/farmaciacrisia.ro\/?post_type=product&#038;p=19280"},"modified":"2025-09-16T09:19:03","modified_gmt":"2025-09-16T09:19:03","slug":"acid-ursodeoxicolic-500-mg-30-capsule","status":"publish","type":"product","link":"https:\/\/farmaciacrisia.ro\/fr\/produit\/acid-ursodeoxicolic-500-mg-30-capsule\/","title":{"rendered":"ACIDE URSOD\u00c9SOXYCHOLIQUE 500 MG 30 G\u00c9LULES"},"content":{"rendered":"","protected":false},"excerpt":{"rendered":"<p><strong>Les g\u00e9lules d'acide ursod\u00e9soxycholique 500 mg pr\u00e9par\u00e9es dans le laboratoire\/pr\u00e9paratoire salle blanche sont indiqu\u00e9es dans le traitement des calculs biliaires, de la cirrhose biliaire primitive et de l'h\u00e9patite chronique.<\/strong><\/p>\n<p>\u2713 Lors de la pr\u00e9paration de traitements personnalis\u00e9s, seules des substances actives de haute puret\u00e9 sont utilis\u00e9es, conform\u00e9ment aux normes RBPF (R\u00e8gles de Bonnes Pratiques Pharmaceutiques). L&#039;utilisation de m\u00e9dicaments standardis\u00e9s est exclue de ce processus de pr\u00e9paration.<\/p>\n<p><strong>Il n'est d\u00e9livr\u00e9 que sur la base d'une prescription m\u00e9dicale qui sera telecharg\u00e9e lors de la finalisation de la commande !<\/strong><\/p>","protected":false},"featured_media":16800,"template":"","meta":[],"product_brand":[],"product_cat":[236,237],"product_tag":[575,522,536],"class_list":{"0":"post-19280","1":"product","2":"type-product","3":"status-publish","4":"has-post-thumbnail","6":"product_cat-gastroenterologie","7":"product_cat-capsule-gastroenterologie","8":"product_tag-acid-ursodeoxicolic","9":"product_tag-crisia-farm","10":"product_tag-ursofalk","12":"first","13":"outofstock","14":"shipping-taxable","15":"purchasable","16":"product-type-simple"},"_links":{"self":[{"href":"https:\/\/farmaciacrisia.ro\/fr\/wp-json\/wp\/v2\/product\/19280","targetHints":{"allow":["GET"]}}],"collection":[{"href":"https:\/\/farmaciacrisia.ro\/fr\/wp-json\/wp\/v2\/product"}],"about":[{"href":"https:\/\/farmaciacrisia.ro\/fr\/wp-json\/wp\/v2\/types\/product"}],"version-history":[{"count":3,"href":"https:\/\/farmaciacrisia.ro\/fr\/wp-json\/wp\/v2\/product\/19280\/revisions"}],"predecessor-version":[{"id":20650,"href":"https:\/\/farmaciacrisia.ro\/fr\/wp-json\/wp\/v2\/product\/19280\/revisions\/20650"}],"wp:featuredmedia":[{"embeddable":true,"href":"https:\/\/farmaciacrisia.ro\/fr\/wp-json\/wp\/v2\/media\/16800"}],"wp:attachment":[{"href":"https:\/\/farmaciacrisia.ro\/fr\/wp-json\/wp\/v2\/media?parent=19280"}],"wp:term":[{"taxonomy":"product_brand","embeddable":true,"href":"https:\/\/farmaciacrisia.ro\/fr\/wp-json\/wp\/v2\/product_brand?post=19280"},{"taxonomy":"product_cat","embeddable":true,"href":"https:\/\/farmaciacrisia.ro\/fr\/wp-json\/wp\/v2\/product_cat?post=19280"},{"taxonomy":"product_tag","embeddable":true,"href":"https:\/\/farmaciacrisia.ro\/fr\/wp-json\/wp\/v2\/product_tag?post=19280"}],"curies":[{"name":"wp","href":"https:\/\/api.w.org\/{rel}","templated":true}]}}