{"id":19282,"date":"2024-08-26T09:23:13","date_gmt":"2024-08-26T09:23:13","guid":{"rendered":"https:\/\/farmaciacrisia.ro\/?post_type=product&#038;p=19282"},"modified":"2025-09-16T09:37:23","modified_gmt":"2025-09-16T09:37:23","slug":"sirop-cu-maleat-de-trimebutina-24-mg-5-ml-250-ml","status":"publish","type":"product","link":"https:\/\/farmaciacrisia.ro\/fr\/produit\/sirop-cu-maleat-de-trimebutina-24-mg-5-ml-250-ml\/","title":{"rendered":"MAL\u00c9ATE DE TRIM\u00c9BUTINE SIROP 24 MG \/ 5 ML 250 ML"},"content":{"rendered":"","protected":false},"excerpt":{"rendered":"<p><strong>Le sirop<\/strong> de mal\u00e9ate de trim\u00e9butine 24 mg \/ 5 ml pr\u00e9par\u00e9 dans le laboratoire\/pr\u00e9paratoire salle blanche, est utilis\u00e9 pour les douleurs dans les maladies digestives ou biliaires.<\/p>\n<p>\u2713 Lors de la pr\u00e9paration des prescriptions magistrales, seules des substances actives de haute puret\u00e9 sont utilis\u00e9es, dans le respect des RBPF (R\u00e8gles de Bonnes Pratiques Pharmaceutiques). L'utilisation de m\u00e9dicaments standardis\u00e9s est exclue de ce processus de pr\u00e9paration.<\/p>\n<p><strong>Il n'est d\u00e9livr\u00e9 que sur la base d'une prescription m\u00e9dicale qui sera telecharg\u00e9e lors de la finalisation de la commande !<\/strong><\/p>","protected":false},"featured_media":17255,"template":"","meta":[],"product_brand":[],"product_cat":[186,236,274,535],"product_tag":[573,574,572],"class_list":{"0":"post-19282","1":"product","2":"type-product","3":"status-publish","4":"has-post-thumbnail","6":"product_cat-pediatrie","7":"product_cat-gastroenterologie","8":"product_cat-siropuri","9":"product_cat-siropuri-gastroenterologie","10":"product_tag-maleat-de-trimebutina","11":"product_tag-tratament-bila","12":"product_tag-trimebutina","14":"first","15":"outofstock","16":"shipping-taxable","17":"purchasable","18":"product-type-simple"},"_links":{"self":[{"href":"https:\/\/farmaciacrisia.ro\/fr\/wp-json\/wp\/v2\/product\/19282","targetHints":{"allow":["GET"]}}],"collection":[{"href":"https:\/\/farmaciacrisia.ro\/fr\/wp-json\/wp\/v2\/product"}],"about":[{"href":"https:\/\/farmaciacrisia.ro\/fr\/wp-json\/wp\/v2\/types\/product"}],"version-history":[{"count":3,"href":"https:\/\/farmaciacrisia.ro\/fr\/wp-json\/wp\/v2\/product\/19282\/revisions"}],"predecessor-version":[{"id":20649,"href":"https:\/\/farmaciacrisia.ro\/fr\/wp-json\/wp\/v2\/product\/19282\/revisions\/20649"}],"wp:featuredmedia":[{"embeddable":true,"href":"https:\/\/farmaciacrisia.ro\/fr\/wp-json\/wp\/v2\/media\/17255"}],"wp:attachment":[{"href":"https:\/\/farmaciacrisia.ro\/fr\/wp-json\/wp\/v2\/media?parent=19282"}],"wp:term":[{"taxonomy":"product_brand","embeddable":true,"href":"https:\/\/farmaciacrisia.ro\/fr\/wp-json\/wp\/v2\/product_brand?post=19282"},{"taxonomy":"product_cat","embeddable":true,"href":"https:\/\/farmaciacrisia.ro\/fr\/wp-json\/wp\/v2\/product_cat?post=19282"},{"taxonomy":"product_tag","embeddable":true,"href":"https:\/\/farmaciacrisia.ro\/fr\/wp-json\/wp\/v2\/product_tag?post=19282"}],"curies":[{"name":"wp","href":"https:\/\/api.w.org\/{rel}","templated":true}]}}