{"id":19318,"date":"2024-08-26T10:27:51","date_gmt":"2024-08-26T10:27:51","guid":{"rendered":"https:\/\/farmaciacrisia.ro\/?post_type=product&#038;p=19318"},"modified":"2025-09-16T09:14:55","modified_gmt":"2025-09-16T09:14:55","slug":"solutie-pentru-aerosoli-cu-fluticazona-0-5-mg-2-ml-20-ml","status":"publish","type":"product","link":"https:\/\/farmaciacrisia.ro\/fr\/produit\/solutie-pentru-aerosoli-cu-fluticazona-0-5-mg-2-ml-20-ml\/","title":{"rendered":"FLUTICASONE SOLUTION POUR INHALATION PAR N\u00c9BULISEUR  0.5 MG \/ 2 ML 20 ML"},"content":{"rendered":"","protected":false},"excerpt":{"rendered":"<p><strong>La solution pour inhalation par n\u00e9buliseur de fluticasone pr\u00e9par\u00e9e dans le laboratoire\/pr\u00e9paratoire salle blanche est indiqu\u00e9e dans le traitement <\/strong><strong>du brochospasme, des rhumes respiratoires avec inflammation des voies respiratoires, et en traitement  de fond, anti-inflammatoire de l'asthme bronchique persistant.<\/strong><\/p>\n<p>Il peut \u00e9galement \u00eatre utilis\u00e9 avec succ\u00e8s dans la pr\u00e9vention du bronchospasme induit par un effort physique ou avant l'exposition \u00e0 un stimulus allerg\u00e8ne connu et in\u00e9vitable.<\/p>\n<p>\u2713 Lors de la pr\u00e9paration des prescriptions magistrales, seules des substances actives de haute puret\u00e9 sont utilis\u00e9es, dans le respect des RBPF (R\u00e8gles de Bonnes Pratiques Pharmaceutiques). L'utilisation de m\u00e9dicaments standardis\u00e9s est exclue de ce processus de pr\u00e9paration.<\/p>\n<p><strong>Il n'est d\u00e9livr\u00e9 que sur la base d'une prescription m\u00e9dicale qui sera telecharg\u00e9e lors de la finalisation de la commande !<\/strong><\/p>","protected":false},"featured_media":17251,"template":"","meta":[],"product_brand":[],"product_cat":[172,196,197,186],"product_tag":[199],"class_list":{"0":"post-19318","1":"product","2":"type-product","3":"status-publish","4":"has-post-thumbnail","6":"product_cat-orl","7":"product_cat-aerosoli","8":"product_cat-aerosoli-pediatrie","9":"product_cat-pediatrie","10":"product_tag-aerosoli","12":"first","13":"outofstock","14":"shipping-taxable","15":"purchasable","16":"product-type-simple"},"_links":{"self":[{"href":"https:\/\/farmaciacrisia.ro\/fr\/wp-json\/wp\/v2\/product\/19318","targetHints":{"allow":["GET"]}}],"collection":[{"href":"https:\/\/farmaciacrisia.ro\/fr\/wp-json\/wp\/v2\/product"}],"about":[{"href":"https:\/\/farmaciacrisia.ro\/fr\/wp-json\/wp\/v2\/types\/product"}],"version-history":[{"count":6,"href":"https:\/\/farmaciacrisia.ro\/fr\/wp-json\/wp\/v2\/product\/19318\/revisions"}],"predecessor-version":[{"id":20645,"href":"https:\/\/farmaciacrisia.ro\/fr\/wp-json\/wp\/v2\/product\/19318\/revisions\/20645"}],"wp:featuredmedia":[{"embeddable":true,"href":"https:\/\/farmaciacrisia.ro\/fr\/wp-json\/wp\/v2\/media\/17251"}],"wp:attachment":[{"href":"https:\/\/farmaciacrisia.ro\/fr\/wp-json\/wp\/v2\/media?parent=19318"}],"wp:term":[{"taxonomy":"product_brand","embeddable":true,"href":"https:\/\/farmaciacrisia.ro\/fr\/wp-json\/wp\/v2\/product_brand?post=19318"},{"taxonomy":"product_cat","embeddable":true,"href":"https:\/\/farmaciacrisia.ro\/fr\/wp-json\/wp\/v2\/product_cat?post=19318"},{"taxonomy":"product_tag","embeddable":true,"href":"https:\/\/farmaciacrisia.ro\/fr\/wp-json\/wp\/v2\/product_tag?post=19318"}],"curies":[{"name":"wp","href":"https:\/\/api.w.org\/{rel}","templated":true}]}}