{"id":19330,"date":"2024-08-26T10:44:21","date_gmt":"2024-08-26T10:44:21","guid":{"rendered":"https:\/\/farmaciacrisia.ro\/?post_type=product&#038;p=19330"},"modified":"2025-08-18T14:04:37","modified_gmt":"2025-08-18T14:04:37","slug":"gel-cu-clindamicina-fosfat-2-40-g","status":"publish","type":"product","link":"https:\/\/farmaciacrisia.ro\/fr\/produit\/gel-cu-clindamicina-fosfat-2-40-g\/","title":{"rendered":"GEL DE CLINDAMYCINE PHOSPHATE 2% 40 G"},"content":{"rendered":"","protected":false},"excerpt":{"rendered":"<p><strong>Le gel de phosphate de clindamycine 2 % pr\u00e9par\u00e9 dans le pr\u00e9paratoire\/laboratoire  salle blanche est principalement utilis\u00e9 pour les vaginites, les vaginoses, les infections vaginales \u00e0 bact\u00e9ries Gram positif et les vulvites.\u00a0<\/strong><\/p>\n<p>\u2713 Lors de la pr\u00e9paration des prescriptions magistrales, seules des substances actives de haute puret\u00e9 sont utilis\u00e9es, dans le respect des RBPF (R\u00e8gles de Bonnes Pratiques Pharmaceutiques). L'utilisation de m\u00e9dicaments standardis\u00e9s est exclue de ce processus de pr\u00e9paration.<\/p>\n<p><strong>Il n'est d\u00e9livr\u00e9 que sur la base d'une prescription m\u00e9dicale qui sera telecharg\u00e9e lors de la finalisation de la commande !<\/strong><\/p>","protected":false},"featured_media":19359,"template":"","meta":[],"product_brand":[],"product_cat":[145,118,117,110],"product_tag":[132,135,91,165,264,82,173,136,174,493,81,400],"class_list":{"0":"post-19330","1":"product","2":"type-product","3":"status-publish","4":"has-post-thumbnail","6":"product_cat-antimicotice-antiinfectioase","7":"product_cat-creme-si-geluri-ginecologie","8":"product_cat-forme-farmaceutice-ginecologie","9":"product_cat-ginecologie","10":"product_tag-atrofie-vaginala","11":"product_tag-crema-cu-estriol","12":"product_tag-creme-si-geluri","13":"product_tag-deficit-estrogenic","14":"product_tag-hormoni-bioidentici","15":"product_tag-laborator-camera-curata","16":"product_tag-menopauza","17":"product_tag-ovestin","18":"product_tag-premenopauza","19":"product_tag-terapie-hormonala","20":"product_tag-tratamente-personalizate","21":"product_tag-uscaciune-vaginala","23":"first","24":"outofstock","25":"shipping-taxable","26":"purchasable","27":"product-type-simple"},"_links":{"self":[{"href":"https:\/\/farmaciacrisia.ro\/fr\/wp-json\/wp\/v2\/product\/19330","targetHints":{"allow":["GET"]}}],"collection":[{"href":"https:\/\/farmaciacrisia.ro\/fr\/wp-json\/wp\/v2\/product"}],"about":[{"href":"https:\/\/farmaciacrisia.ro\/fr\/wp-json\/wp\/v2\/types\/product"}],"version-history":[{"count":3,"href":"https:\/\/farmaciacrisia.ro\/fr\/wp-json\/wp\/v2\/product\/19330\/revisions"}],"predecessor-version":[{"id":20643,"href":"https:\/\/farmaciacrisia.ro\/fr\/wp-json\/wp\/v2\/product\/19330\/revisions\/20643"}],"wp:featuredmedia":[{"embeddable":true,"href":"https:\/\/farmaciacrisia.ro\/fr\/wp-json\/wp\/v2\/media\/19359"}],"wp:attachment":[{"href":"https:\/\/farmaciacrisia.ro\/fr\/wp-json\/wp\/v2\/media?parent=19330"}],"wp:term":[{"taxonomy":"product_brand","embeddable":true,"href":"https:\/\/farmaciacrisia.ro\/fr\/wp-json\/wp\/v2\/product_brand?post=19330"},{"taxonomy":"product_cat","embeddable":true,"href":"https:\/\/farmaciacrisia.ro\/fr\/wp-json\/wp\/v2\/product_cat?post=19330"},{"taxonomy":"product_tag","embeddable":true,"href":"https:\/\/farmaciacrisia.ro\/fr\/wp-json\/wp\/v2\/product_tag?post=19330"}],"curies":[{"name":"wp","href":"https:\/\/api.w.org\/{rel}","templated":true}]}}