{"id":19336,"date":"2024-08-26T10:54:33","date_gmt":"2024-08-26T10:54:33","guid":{"rendered":"https:\/\/farmaciacrisia.ro\/?post_type=product&#038;p=19336"},"modified":"2025-08-18T12:44:52","modified_gmt":"2025-08-18T12:44:52","slug":"miconazol-400-mg-3-ovule","status":"publish","type":"product","link":"https:\/\/farmaciacrisia.ro\/fr\/produit\/miconazol-400-mg-3-ovule\/","title":{"rendered":"MICONAZOLE 400 MG 3 OVULES"},"content":{"rendered":"","protected":false},"excerpt":{"rendered":"<p><strong>Miconazole ovules 400 MG est une pr\u00e9paration magistrale utilis\u00e9e principalement dans le traitement des vaginites et vulvovaginites mycosiques, des surinfections caus\u00e9es par des germes \u00e0 Gram positif et des candidoses vaginales.<\/strong><\/p>\n<p>\u2713 Lors de la pr\u00e9paration des prescriptions magistrales, seules des substances actives de haute puret\u00e9 sont utilis\u00e9es, dans le respect des RBPF (R\u00e8gles de Bonnes Pratiques Pharmaceutiques). L'utilisation de m\u00e9dicaments standardis\u00e9s est exclue de ce processus de pr\u00e9paration.<\/p>\n<p><strong>Il n'est d\u00e9livr\u00e9 que sur la base d'une prescription m\u00e9dicale qui sera telecharg\u00e9e lors de la finalisation de la commande !<\/strong><\/p>","protected":false},"featured_media":17507,"template":"","meta":[],"product_brand":[],"product_cat":[145,117,110,120],"product_tag":[522,565,564],"class_list":{"0":"post-19336","1":"product","2":"type-product","3":"status-publish","4":"has-post-thumbnail","6":"product_cat-antimicotice-antiinfectioase","7":"product_cat-forme-farmaceutice-ginecologie","8":"product_cat-ginecologie","9":"product_cat-ovule-ginecologie","10":"product_tag-crisia-farm","11":"product_tag-miconazol","12":"product_tag-ovule-cu-miconazol","14":"first","15":"outofstock","16":"shipping-taxable","17":"purchasable","18":"product-type-simple"},"_links":{"self":[{"href":"https:\/\/farmaciacrisia.ro\/fr\/wp-json\/wp\/v2\/product\/19336","targetHints":{"allow":["GET"]}}],"collection":[{"href":"https:\/\/farmaciacrisia.ro\/fr\/wp-json\/wp\/v2\/product"}],"about":[{"href":"https:\/\/farmaciacrisia.ro\/fr\/wp-json\/wp\/v2\/types\/product"}],"version-history":[{"count":4,"href":"https:\/\/farmaciacrisia.ro\/fr\/wp-json\/wp\/v2\/product\/19336\/revisions"}],"predecessor-version":[{"id":20630,"href":"https:\/\/farmaciacrisia.ro\/fr\/wp-json\/wp\/v2\/product\/19336\/revisions\/20630"}],"wp:featuredmedia":[{"embeddable":true,"href":"https:\/\/farmaciacrisia.ro\/fr\/wp-json\/wp\/v2\/media\/17507"}],"wp:attachment":[{"href":"https:\/\/farmaciacrisia.ro\/fr\/wp-json\/wp\/v2\/media?parent=19336"}],"wp:term":[{"taxonomy":"product_brand","embeddable":true,"href":"https:\/\/farmaciacrisia.ro\/fr\/wp-json\/wp\/v2\/product_brand?post=19336"},{"taxonomy":"product_cat","embeddable":true,"href":"https:\/\/farmaciacrisia.ro\/fr\/wp-json\/wp\/v2\/product_cat?post=19336"},{"taxonomy":"product_tag","embeddable":true,"href":"https:\/\/farmaciacrisia.ro\/fr\/wp-json\/wp\/v2\/product_tag?post=19336"}],"curies":[{"name":"wp","href":"https:\/\/api.w.org\/{rel}","templated":true}]}}