{"id":19338,"date":"2024-08-26T10:55:57","date_gmt":"2024-08-26T10:55:57","guid":{"rendered":"https:\/\/farmaciacrisia.ro\/?post_type=product&#038;p=19338"},"modified":"2025-08-18T12:43:28","modified_gmt":"2025-08-18T12:43:28","slug":"ketoconazol-400-mg-10-ovule","status":"publish","type":"product","link":"https:\/\/farmaciacrisia.ro\/fr\/produit\/ketoconazol-400-mg-10-ovule\/","title":{"rendered":"KETOCONAZOLE 400 MG 10 OVULES"},"content":{"rendered":"","protected":false},"excerpt":{"rendered":"<p><strong>Les ovules de ketoconazole 400 mg pr\u00e9par\u00e9es dans le pr\u00e9paratoire\/laboratoire salle blanche sont principalement utilis\u00e9es pour<\/strong><strong> le traitement de la candidose vaginale, principalement caus\u00e9e par Candida albicans et dans les infections mixtes o\u00f9 sont pr\u00e9sents \u00e0 la fois des bact\u00e9ries et des champignons.<\/strong><\/p>\n<p>\u2713 Lors de la pr\u00e9paration des prescriptions magistrales, seules des substances actives de haute puret\u00e9 sont utilis\u00e9es, dans le respect des RBPF (R\u00e8gles de Bonnes Pratiques Pharmaceutiques). L'utilisation de m\u00e9dicaments standardis\u00e9s est exclue de ce processus de pr\u00e9paration.<\/p>\n<p><strong>Il n'est d\u00e9livr\u00e9 que sur la base d'une prescription m\u00e9dicale qui sera telecharg\u00e9e lors de la finalisation de la commande !<\/strong><\/p>","protected":false},"featured_media":17507,"template":"","meta":[],"product_brand":[],"product_cat":[145,117,110,120],"product_tag":[374,562,563],"class_list":{"0":"post-19338","1":"product","2":"type-product","3":"status-publish","4":"has-post-thumbnail","6":"product_cat-antimicotice-antiinfectioase","7":"product_cat-forme-farmaceutice-ginecologie","8":"product_cat-ginecologie","9":"product_cat-ovule-ginecologie","10":"product_tag-candida","11":"product_tag-ketoconazol","12":"product_tag-ovule-ketoconazol","14":"first","15":"outofstock","16":"shipping-taxable","17":"purchasable","18":"product-type-simple"},"_links":{"self":[{"href":"https:\/\/farmaciacrisia.ro\/fr\/wp-json\/wp\/v2\/product\/19338","targetHints":{"allow":["GET"]}}],"collection":[{"href":"https:\/\/farmaciacrisia.ro\/fr\/wp-json\/wp\/v2\/product"}],"about":[{"href":"https:\/\/farmaciacrisia.ro\/fr\/wp-json\/wp\/v2\/types\/product"}],"version-history":[{"count":7,"href":"https:\/\/farmaciacrisia.ro\/fr\/wp-json\/wp\/v2\/product\/19338\/revisions"}],"predecessor-version":[{"id":20628,"href":"https:\/\/farmaciacrisia.ro\/fr\/wp-json\/wp\/v2\/product\/19338\/revisions\/20628"}],"wp:featuredmedia":[{"embeddable":true,"href":"https:\/\/farmaciacrisia.ro\/fr\/wp-json\/wp\/v2\/media\/17507"}],"wp:attachment":[{"href":"https:\/\/farmaciacrisia.ro\/fr\/wp-json\/wp\/v2\/media?parent=19338"}],"wp:term":[{"taxonomy":"product_brand","embeddable":true,"href":"https:\/\/farmaciacrisia.ro\/fr\/wp-json\/wp\/v2\/product_brand?post=19338"},{"taxonomy":"product_cat","embeddable":true,"href":"https:\/\/farmaciacrisia.ro\/fr\/wp-json\/wp\/v2\/product_cat?post=19338"},{"taxonomy":"product_tag","embeddable":true,"href":"https:\/\/farmaciacrisia.ro\/fr\/wp-json\/wp\/v2\/product_tag?post=19338"}],"curies":[{"name":"wp","href":"https:\/\/api.w.org\/{rel}","templated":true}]}}