{"id":19340,"date":"2024-08-26T10:59:40","date_gmt":"2024-08-26T10:59:40","guid":{"rendered":"https:\/\/farmaciacrisia.ro\/?post_type=product&#038;p=19340"},"modified":"2025-09-16T10:24:05","modified_gmt":"2025-09-16T10:24:05","slug":"permetrina-5-crema-25-g","status":"publish","type":"product","link":"https:\/\/farmaciacrisia.ro\/fr\/produit\/permetrina-5-crema-25-g\/","title":{"rendered":"PERM\u00c9THRINE 5% CR\u00c8ME 25 G"},"content":{"rendered":"","protected":false},"excerpt":{"rendered":"<p><strong>La cr\u00e8me permethrine 5% pr\u00e9par\u00e9e dans le pr\u00e9paratoire\/laboratoire salle blanche est principalement utilis\u00e9e pour<\/strong><strong> le traitement des parasitoses cutan\u00e9es.<\/strong><\/p>\n<p>\u2713 Lors de la pr\u00e9paration des prescriptions magistrales, seules des substances actives de haute puret\u00e9 sont utilis\u00e9es, dans le respect des RBPF (R\u00e8gles de Bonnes Pratiques Pharmaceutiques). L'utilisation de m\u00e9dicaments standardis\u00e9s est exclue de ce processus de pr\u00e9paration.<\/p>\n<p><strong>Il n'est d\u00e9livr\u00e9 que sur la base d'une prescription m\u00e9dicale qui sera telecharg\u00e9e lors de la finalisation de la commande !<\/strong><\/p>","protected":false},"featured_media":19359,"template":"","meta":[],"product_brand":[],"product_cat":[187,89,77,116,186],"product_tag":[463,189,464,194,190,82,188,192,193,81,191],"class_list":{"0":"post-19340","1":"product","2":"type-product","3":"status-publish","4":"has-post-thumbnail","6":"product_cat-creme","7":"product_cat-creme-si-geluri-dermatologie","8":"product_cat-dermatologie","9":"product_cat-forme-farmaceutice-dermatologie","10":"product_cat-pediatrie","11":"product_tag-eczema-scutec","12":"product_tag-eritem-fesier","13":"product_tag-iritatie-bebelus","14":"product_tag-iritatie-fesiera","15":"product_tag-iritatie-scutec","16":"product_tag-laborator-camera-curata","17":"product_tag-pediatrie","18":"product_tag-tratament-escare","19":"product_tag-tratament-rani","20":"product_tag-tratamente-personalizate","21":"product_tag-unguent-fund-bebelus","23":"first","24":"outofstock","25":"shipping-taxable","26":"purchasable","27":"product-type-simple"},"_links":{"self":[{"href":"https:\/\/farmaciacrisia.ro\/fr\/wp-json\/wp\/v2\/product\/19340","targetHints":{"allow":["GET"]}}],"collection":[{"href":"https:\/\/farmaciacrisia.ro\/fr\/wp-json\/wp\/v2\/product"}],"about":[{"href":"https:\/\/farmaciacrisia.ro\/fr\/wp-json\/wp\/v2\/types\/product"}],"version-history":[{"count":4,"href":"https:\/\/farmaciacrisia.ro\/fr\/wp-json\/wp\/v2\/product\/19340\/revisions"}],"predecessor-version":[{"id":20627,"href":"https:\/\/farmaciacrisia.ro\/fr\/wp-json\/wp\/v2\/product\/19340\/revisions\/20627"}],"wp:featuredmedia":[{"embeddable":true,"href":"https:\/\/farmaciacrisia.ro\/fr\/wp-json\/wp\/v2\/media\/19359"}],"wp:attachment":[{"href":"https:\/\/farmaciacrisia.ro\/fr\/wp-json\/wp\/v2\/media?parent=19340"}],"wp:term":[{"taxonomy":"product_brand","embeddable":true,"href":"https:\/\/farmaciacrisia.ro\/fr\/wp-json\/wp\/v2\/product_brand?post=19340"},{"taxonomy":"product_cat","embeddable":true,"href":"https:\/\/farmaciacrisia.ro\/fr\/wp-json\/wp\/v2\/product_cat?post=19340"},{"taxonomy":"product_tag","embeddable":true,"href":"https:\/\/farmaciacrisia.ro\/fr\/wp-json\/wp\/v2\/product_tag?post=19340"}],"curies":[{"name":"wp","href":"https:\/\/api.w.org\/{rel}","templated":true}]}}