{"id":19347,"date":"2024-08-27T05:33:09","date_gmt":"2024-08-27T05:33:09","guid":{"rendered":"https:\/\/farmaciacrisia.ro\/?post_type=product&#038;p=19347"},"modified":"2025-08-18T12:40:43","modified_gmt":"2025-08-18T12:40:43","slug":"fisuri-anale-nifedipina-14-mg-misoprostol-0-168-mg-lidocaina-70-mg-hidrocortizon-140-mg-sucralfat-1000-mg-10-supozitoare","status":"publish","type":"product","link":"https:\/\/farmaciacrisia.ro\/fr\/produit\/fisuri-anale-nifedipina-14-mg-misoprostol-0-168-mg-lidocaina-70-mg-hidrocortizon-140-mg-sucralfat-1000-mg-10-supozitoare\/","title":{"rendered":"FISSURES ANALES <br> NIF\u00c9DIPINE 14 MG, MISOPROSTOL 0,168 MG, LIDOCA\u00cfNE 70 MG, HYDROCORTISONE 140 MG, SUCRALFATE 1000 MG 10 SUPPOSITOIRES"},"content":{"rendered":"","protected":false},"excerpt":{"rendered":"<p><strong>Les suppositoires contenant 14 mg de nif\u00e9dipine, 0,168 mg de misoprostol, 70 mg de lidoca\u00efne, 140 mg d'hydrocortisone et 1000 mg de sucralfate, pr\u00e9par\u00e9s dans le pr\u00e9paratoire\/laboratoire salle blanche, sont principalement utilis\u00e9s pour<\/strong><strong> le traitement des fissures anales et des h\u00e9morro\u00efdes.<\/strong><\/p>\n<p>\u2713 Lors de la pr\u00e9paration des prescriptions magistrales, seules des substances actives de haute puret\u00e9 sont utilis\u00e9es, dans le respect des RBPF (R\u00e8gles de Bonnes Pratiques Pharmaceutiques). L'utilisation de m\u00e9dicaments standardis\u00e9s est exclue de ce processus de pr\u00e9paration.<\/p>\n<p><strong>Il n'est d\u00e9livr\u00e9 que sur la base d'une prescription m\u00e9dicale qui sera telecharg\u00e9e lors de la finalisation de la commande !<\/strong><\/p>","protected":false},"featured_media":16867,"template":"","meta":[],"product_brand":[],"product_cat":[236,548],"product_tag":[553,104,556,555,554,558,557],"class_list":{"0":"post-19347","1":"product","2":"type-product","3":"status-publish","4":"has-post-thumbnail","6":"product_cat-gastroenterologie","7":"product_cat-supozitoare","8":"product_tag-fisuri-anale","9":"product_tag-hidrocortizon","10":"product_tag-lidocaina","11":"product_tag-misoprostol","12":"product_tag-nifedina","13":"product_tag-nifedipina","14":"product_tag-sucralfat","16":"first","17":"outofstock","18":"shipping-taxable","19":"purchasable","20":"product-type-simple"},"_links":{"self":[{"href":"https:\/\/farmaciacrisia.ro\/fr\/wp-json\/wp\/v2\/product\/19347","targetHints":{"allow":["GET"]}}],"collection":[{"href":"https:\/\/farmaciacrisia.ro\/fr\/wp-json\/wp\/v2\/product"}],"about":[{"href":"https:\/\/farmaciacrisia.ro\/fr\/wp-json\/wp\/v2\/types\/product"}],"version-history":[{"count":7,"href":"https:\/\/farmaciacrisia.ro\/fr\/wp-json\/wp\/v2\/product\/19347\/revisions"}],"predecessor-version":[{"id":20625,"href":"https:\/\/farmaciacrisia.ro\/fr\/wp-json\/wp\/v2\/product\/19347\/revisions\/20625"}],"wp:featuredmedia":[{"embeddable":true,"href":"https:\/\/farmaciacrisia.ro\/fr\/wp-json\/wp\/v2\/media\/16867"}],"wp:attachment":[{"href":"https:\/\/farmaciacrisia.ro\/fr\/wp-json\/wp\/v2\/media?parent=19347"}],"wp:term":[{"taxonomy":"product_brand","embeddable":true,"href":"https:\/\/farmaciacrisia.ro\/fr\/wp-json\/wp\/v2\/product_brand?post=19347"},{"taxonomy":"product_cat","embeddable":true,"href":"https:\/\/farmaciacrisia.ro\/fr\/wp-json\/wp\/v2\/product_cat?post=19347"},{"taxonomy":"product_tag","embeddable":true,"href":"https:\/\/farmaciacrisia.ro\/fr\/wp-json\/wp\/v2\/product_tag?post=19347"}],"curies":[{"name":"wp","href":"https:\/\/api.w.org\/{rel}","templated":true}]}}