{"id":19351,"date":"2024-08-27T06:23:02","date_gmt":"2024-08-27T06:23:02","guid":{"rendered":"https:\/\/farmaciacrisia.ro\/?post_type=product&#038;p=19351"},"modified":"2025-09-16T08:42:41","modified_gmt":"2025-09-16T08:42:41","slug":"melatonina-1-mg-30-troche","status":"publish","type":"product","link":"https:\/\/farmaciacrisia.ro\/fr\/produit\/melatonina-1-mg-30-troche\/","title":{"rendered":"M\u00c9LATONINE 1 MG 30 TROMBONES"},"content":{"rendered":"","protected":false},"excerpt":{"rendered":"<p><strong>Les troches de m\u00e9latonine avec 1 mg de m\u00e9latonine \/ troche pr\u00e9par\u00e9es dans le pr\u00e9paratoire\/laboratoire salle blanche, sont principalement utilis\u00e9es pour r\u00e9guler le cycle veille-sommeil et pour traiter l'insomnie.<\/strong><\/p>\n<p>\u2713 Lors de la pr\u00e9paration de traitements personnalis\u00e9s, seules des substances actives de haute puret\u00e9 sont utilis\u00e9es, conform\u00e9ment aux normes RBPF (R\u00e8gles de Bonnes Pratiques Pharmaceutiques). L&#039;utilisation de m\u00e9dicaments standardis\u00e9s est exclue de ce processus de pr\u00e9paration.<\/p>\n<p><strong>Il n'est d\u00e9livr\u00e9 que sur la base d'une prescription m\u00e9dicale qui sera telecharg\u00e9e lors de la finalisation de la commande !<\/strong><\/p>","protected":false},"featured_media":19362,"template":"","meta":[],"product_brand":[],"product_cat":[117,110,186,545],"product_tag":[522,82,559,560],"class_list":{"0":"post-19351","1":"product","2":"type-product","3":"status-publish","4":"has-post-thumbnail","6":"product_cat-forme-farmaceutice-ginecologie","7":"product_cat-ginecologie","8":"product_cat-pediatrie","9":"product_cat-troche-forme-farmaceutice-ginecologie","10":"product_tag-crisia-farm","11":"product_tag-laborator-camera-curata","12":"product_tag-melatonina","13":"product_tag-troche-melatonina","15":"first","16":"outofstock","17":"shipping-taxable","18":"purchasable","19":"product-type-simple"},"_links":{"self":[{"href":"https:\/\/farmaciacrisia.ro\/fr\/wp-json\/wp\/v2\/product\/19351","targetHints":{"allow":["GET"]}}],"collection":[{"href":"https:\/\/farmaciacrisia.ro\/fr\/wp-json\/wp\/v2\/product"}],"about":[{"href":"https:\/\/farmaciacrisia.ro\/fr\/wp-json\/wp\/v2\/types\/product"}],"version-history":[{"count":5,"href":"https:\/\/farmaciacrisia.ro\/fr\/wp-json\/wp\/v2\/product\/19351\/revisions"}],"predecessor-version":[{"id":20623,"href":"https:\/\/farmaciacrisia.ro\/fr\/wp-json\/wp\/v2\/product\/19351\/revisions\/20623"}],"wp:featuredmedia":[{"embeddable":true,"href":"https:\/\/farmaciacrisia.ro\/fr\/wp-json\/wp\/v2\/media\/19362"}],"wp:attachment":[{"href":"https:\/\/farmaciacrisia.ro\/fr\/wp-json\/wp\/v2\/media?parent=19351"}],"wp:term":[{"taxonomy":"product_brand","embeddable":true,"href":"https:\/\/farmaciacrisia.ro\/fr\/wp-json\/wp\/v2\/product_brand?post=19351"},{"taxonomy":"product_cat","embeddable":true,"href":"https:\/\/farmaciacrisia.ro\/fr\/wp-json\/wp\/v2\/product_cat?post=19351"},{"taxonomy":"product_tag","embeddable":true,"href":"https:\/\/farmaciacrisia.ro\/fr\/wp-json\/wp\/v2\/product_tag?post=19351"}],"curies":[{"name":"wp","href":"https:\/\/api.w.org\/{rel}","templated":true}]}}