{"id":19355,"date":"2024-08-27T06:55:00","date_gmt":"2024-08-27T06:55:00","guid":{"rendered":"https:\/\/farmaciacrisia.ro\/?post_type=product&#038;p=19355"},"modified":"2025-09-16T08:27:13","modified_gmt":"2025-09-16T08:27:13","slug":"progesteron-200-mg-30-troche","status":"publish","type":"product","link":"https:\/\/farmaciacrisia.ro\/fr\/produit\/progesteron-200-mg-30-troche\/","title":{"rendered":"PROGEST\u00c9RONE 200 MG 30 TROCHES"},"content":{"rendered":"","protected":false},"excerpt":{"rendered":"<p><strong>Les troches de progest\u00e9rone bioidentique 200 mg \/ troche pr\u00e9par\u00e9es dans le laboratoire\/pr\u00e9paratoire salle blanche sont principalement utilis\u00e9es pour<\/strong><strong> les traitements hormonaux de substitution.<\/strong><\/p>\n<p>\u2713 Lors de la pr\u00e9paration de traitements personnalis\u00e9s, seules des substances actives de haute puret\u00e9 sont utilis\u00e9es, conform\u00e9ment aux normes RBPF (R\u00e8gles de Bonnes Pratiques Pharmaceutiques). L&#039;utilisation de m\u00e9dicaments standardis\u00e9s est exclue de ce processus de pr\u00e9paration.<\/p>\n<p><strong>Il n'est d\u00e9livr\u00e9 que sur la base d'une prescription m\u00e9dicale qui sera telecharg\u00e9e lors de la finalisation de la commande !<\/strong><\/p>","protected":false},"featured_media":19362,"template":"","meta":[],"product_brand":[],"product_cat":[117,110,256,545],"product_tag":[522,143,561],"class_list":{"0":"post-19355","1":"product","2":"type-product","3":"status-publish","4":"has-post-thumbnail","6":"product_cat-forme-farmaceutice-ginecologie","7":"product_cat-ginecologie","8":"product_cat-substitutie-hormonala-bhrt","9":"product_cat-troche-forme-farmaceutice-ginecologie","10":"product_tag-crisia-farm","11":"product_tag-progesteron","12":"product_tag-troche-progesteron","14":"first","15":"outofstock","16":"shipping-taxable","17":"purchasable","18":"product-type-simple"},"_links":{"self":[{"href":"https:\/\/farmaciacrisia.ro\/fr\/wp-json\/wp\/v2\/product\/19355","targetHints":{"allow":["GET"]}}],"collection":[{"href":"https:\/\/farmaciacrisia.ro\/fr\/wp-json\/wp\/v2\/product"}],"about":[{"href":"https:\/\/farmaciacrisia.ro\/fr\/wp-json\/wp\/v2\/types\/product"}],"version-history":[{"count":4,"href":"https:\/\/farmaciacrisia.ro\/fr\/wp-json\/wp\/v2\/product\/19355\/revisions"}],"predecessor-version":[{"id":20621,"href":"https:\/\/farmaciacrisia.ro\/fr\/wp-json\/wp\/v2\/product\/19355\/revisions\/20621"}],"wp:featuredmedia":[{"embeddable":true,"href":"https:\/\/farmaciacrisia.ro\/fr\/wp-json\/wp\/v2\/media\/19362"}],"wp:attachment":[{"href":"https:\/\/farmaciacrisia.ro\/fr\/wp-json\/wp\/v2\/media?parent=19355"}],"wp:term":[{"taxonomy":"product_brand","embeddable":true,"href":"https:\/\/farmaciacrisia.ro\/fr\/wp-json\/wp\/v2\/product_brand?post=19355"},{"taxonomy":"product_cat","embeddable":true,"href":"https:\/\/farmaciacrisia.ro\/fr\/wp-json\/wp\/v2\/product_cat?post=19355"},{"taxonomy":"product_tag","embeddable":true,"href":"https:\/\/farmaciacrisia.ro\/fr\/wp-json\/wp\/v2\/product_tag?post=19355"}],"curies":[{"name":"wp","href":"https:\/\/api.w.org\/{rel}","templated":true}]}}