{"id":19373,"date":"2024-08-27T13:09:16","date_gmt":"2024-08-27T13:09:16","guid":{"rendered":"https:\/\/farmaciacrisia.ro\/?post_type=product&#038;p=19373"},"modified":"2025-09-16T08:23:03","modified_gmt":"2025-09-16T08:23:03","slug":"5-fluorouracil-0-5-si-acid-salicilic-10-ml-solutie","status":"publish","type":"product","link":"https:\/\/farmaciacrisia.ro\/fr\/produit\/5-fluorouracil-0-5-si-acid-salicilic-10-ml-solutie\/","title":{"rendered":"SOLUTION DE 5-FLUOROURACILE 0,5% ET D&#039;ACIDE SALICYLIQUE 10% 10 ML"},"content":{"rendered":"","protected":false},"excerpt":{"rendered":"<p><strong>La solution de 5-fluorouracil 0,5% et d'acide salicylique 10%, pr\u00e9par\u00e9e dans le laboratoire\/pr\u00e9paratoire salle blanche, est principalement utilis\u00e9e <\/strong><strong>pour le traitement des verrues, des verrues plantaires et des verrues planes.<\/strong><\/p>\n<p>\u2713 Lors de la pr\u00e9paration des prescriptions magistrales, seules des substances actives de haute puret\u00e9 sont utilis\u00e9es, dans le respect des RBPF (R\u00e8gles de Bonnes Pratiques Pharmaceutiques). L'utilisation de m\u00e9dicaments standardis\u00e9s est exclue de ce processus de pr\u00e9paration.<\/p>\n<p><strong>Il n'est d\u00e9livr\u00e9 que sur la base d'une prescription m\u00e9dicale qui sera telecharg\u00e9e lors de la finalisation de la commande !<\/strong><\/p>","protected":false},"featured_media":19360,"template":"","meta":[],"product_brand":[],"product_cat":[77,116,546],"product_tag":[463,189,464,194,190,82,188,192,193,81,191],"class_list":{"0":"post-19373","1":"product","2":"type-product","3":"status-publish","4":"has-post-thumbnail","6":"product_cat-dermatologie","7":"product_cat-forme-farmaceutice-dermatologie","8":"product_cat-solutii","9":"product_tag-eczema-scutec","10":"product_tag-eritem-fesier","11":"product_tag-iritatie-bebelus","12":"product_tag-iritatie-fesiera","13":"product_tag-iritatie-scutec","14":"product_tag-laborator-camera-curata","15":"product_tag-pediatrie","16":"product_tag-tratament-escare","17":"product_tag-tratament-rani","18":"product_tag-tratamente-personalizate","19":"product_tag-unguent-fund-bebelus","21":"first","22":"outofstock","23":"shipping-taxable","24":"purchasable","25":"product-type-simple"},"_links":{"self":[{"href":"https:\/\/farmaciacrisia.ro\/fr\/wp-json\/wp\/v2\/product\/19373","targetHints":{"allow":["GET"]}}],"collection":[{"href":"https:\/\/farmaciacrisia.ro\/fr\/wp-json\/wp\/v2\/product"}],"about":[{"href":"https:\/\/farmaciacrisia.ro\/fr\/wp-json\/wp\/v2\/types\/product"}],"version-history":[{"count":4,"href":"https:\/\/farmaciacrisia.ro\/fr\/wp-json\/wp\/v2\/product\/19373\/revisions"}],"predecessor-version":[{"id":20618,"href":"https:\/\/farmaciacrisia.ro\/fr\/wp-json\/wp\/v2\/product\/19373\/revisions\/20618"}],"wp:featuredmedia":[{"embeddable":true,"href":"https:\/\/farmaciacrisia.ro\/fr\/wp-json\/wp\/v2\/media\/19360"}],"wp:attachment":[{"href":"https:\/\/farmaciacrisia.ro\/fr\/wp-json\/wp\/v2\/media?parent=19373"}],"wp:term":[{"taxonomy":"product_brand","embeddable":true,"href":"https:\/\/farmaciacrisia.ro\/fr\/wp-json\/wp\/v2\/product_brand?post=19373"},{"taxonomy":"product_cat","embeddable":true,"href":"https:\/\/farmaciacrisia.ro\/fr\/wp-json\/wp\/v2\/product_cat?post=19373"},{"taxonomy":"product_tag","embeddable":true,"href":"https:\/\/farmaciacrisia.ro\/fr\/wp-json\/wp\/v2\/product_tag?post=19373"}],"curies":[{"name":"wp","href":"https:\/\/api.w.org\/{rel}","templated":true}]}}