{"id":19376,"date":"2024-08-27T13:17:27","date_gmt":"2024-08-27T13:17:27","guid":{"rendered":"https:\/\/farmaciacrisia.ro\/?post_type=product&#038;p=19376"},"modified":"2025-09-16T09:33:54","modified_gmt":"2025-09-16T09:33:54","slug":"estradiol-0-01-30-g-unguent","status":"publish","type":"product","link":"https:\/\/farmaciacrisia.ro\/fr\/produit\/estradiol-0-01-30-g-unguent\/","title":{"rendered":"Pommade \u00e0 l&#039;estradiol 0,01 % 30 g"},"content":{"rendered":"","protected":false},"excerpt":{"rendered":"<p><strong>La pommade \u00e0 l'estradiol 0,01 %, pr\u00e9par\u00e9e dans le laboratoire\/pr\u00e9paratoire salle blanche est utilis\u00e9e pour<\/strong><strong> le traitement de la coalescence labiale.<\/strong><\/p>\n<p>\u2713 Lors de la pr\u00e9paration des prescriptions magistrales, seules des substances actives de haute puret\u00e9 sont utilis\u00e9es, dans le respect des RBPF (R\u00e8gles de Bonnes Pratiques Pharmaceutiques). L'utilisation de m\u00e9dicaments standardis\u00e9s est exclue de ce processus de pr\u00e9paration.<\/p>\n<p><strong>Il n'est d\u00e9livr\u00e9 que sur la base d'une prescription m\u00e9dicale qui sera telecharg\u00e9e lors de la finalisation de la commande !<\/strong><\/p>","protected":false},"featured_media":19375,"template":"","meta":[],"product_brand":[],"product_cat":[119,187,118,117,110,186],"product_tag":[463,189,464,194,190,82,188,192,193,81,191],"class_list":{"0":"post-19376","1":"product","2":"type-product","3":"status-publish","4":"has-post-thumbnail","6":"product_cat-atrofie-vaginala","7":"product_cat-creme","8":"product_cat-creme-si-geluri-ginecologie","9":"product_cat-forme-farmaceutice-ginecologie","10":"product_cat-ginecologie","11":"product_cat-pediatrie","12":"product_tag-eczema-scutec","13":"product_tag-eritem-fesier","14":"product_tag-iritatie-bebelus","15":"product_tag-iritatie-fesiera","16":"product_tag-iritatie-scutec","17":"product_tag-laborator-camera-curata","18":"product_tag-pediatrie","19":"product_tag-tratament-escare","20":"product_tag-tratament-rani","21":"product_tag-tratamente-personalizate","22":"product_tag-unguent-fund-bebelus","24":"first","25":"outofstock","26":"shipping-taxable","27":"purchasable","28":"product-type-simple"},"_links":{"self":[{"href":"https:\/\/farmaciacrisia.ro\/fr\/wp-json\/wp\/v2\/product\/19376","targetHints":{"allow":["GET"]}}],"collection":[{"href":"https:\/\/farmaciacrisia.ro\/fr\/wp-json\/wp\/v2\/product"}],"about":[{"href":"https:\/\/farmaciacrisia.ro\/fr\/wp-json\/wp\/v2\/types\/product"}],"version-history":[{"count":3,"href":"https:\/\/farmaciacrisia.ro\/fr\/wp-json\/wp\/v2\/product\/19376\/revisions"}],"predecessor-version":[{"id":20615,"href":"https:\/\/farmaciacrisia.ro\/fr\/wp-json\/wp\/v2\/product\/19376\/revisions\/20615"}],"wp:featuredmedia":[{"embeddable":true,"href":"https:\/\/farmaciacrisia.ro\/fr\/wp-json\/wp\/v2\/media\/19375"}],"wp:attachment":[{"href":"https:\/\/farmaciacrisia.ro\/fr\/wp-json\/wp\/v2\/media?parent=19376"}],"wp:term":[{"taxonomy":"product_brand","embeddable":true,"href":"https:\/\/farmaciacrisia.ro\/fr\/wp-json\/wp\/v2\/product_brand?post=19376"},{"taxonomy":"product_cat","embeddable":true,"href":"https:\/\/farmaciacrisia.ro\/fr\/wp-json\/wp\/v2\/product_cat?post=19376"},{"taxonomy":"product_tag","embeddable":true,"href":"https:\/\/farmaciacrisia.ro\/fr\/wp-json\/wp\/v2\/product_tag?post=19376"}],"curies":[{"name":"wp","href":"https:\/\/api.w.org\/{rel}","templated":true}]}}