{"id":19705,"date":"2025-04-16T09:35:22","date_gmt":"2025-04-16T09:35:22","guid":{"rendered":"https:\/\/farmaciacrisia.ro\/?post_type=product&#038;p=19705"},"modified":"2025-08-04T10:07:58","modified_gmt":"2025-08-04T10:07:58","slug":"nebulizator-cu-piston-kappy-pic-solution","status":"publish","type":"product","link":"https:\/\/farmaciacrisia.ro\/fr\/produit\/nebulizator-cu-piston-kappy-pic-solution\/","title":{"rendered":"N\u00e9buliseur \u00e0 piston KAPPY PIC SOLUTION"},"content":{"rendered":"","protected":false},"excerpt":{"rendered":"<p>Le n\u00e9buliseur \u00e0 piston doit \u00eatre utilis\u00e9 avec le flacon sp\u00e9cial pour la transformation de m\u00e9dicaments liquides (en solution, suspension ou \u00e9mulsion) en a\u00e9rosols. Gr\u00e2ce aux accessoires, les m\u00e9dicaments sous forme d&#039;a\u00e9rosol, c&#039;est-\u00e0-dire n\u00e9bulis\u00e9s en microparticules en suspension dans l&#039;air, sont inhal\u00e9s et achemin\u00e9s directement dans les voies respiratoires du patient.<\/p>\n<p>Le n\u00e9buliseur peut \u00eatre utilis\u00e9 par les patients adultes et p\u00e9diatriques pour l&#039;a\u00e9rosolth\u00e9rapie afin de traiter les affections respiratoires chroniques ou aigu\u00ebs. Les dispositifs a\u00e9rosol ne sont pas destin\u00e9s \u00e0 l&#039;administration de m\u00e9dicaments vitaux.<\/p>\n<p>L&#039;appareil ne pr\u00e9sente aucune contre-indication intrins\u00e8que d&#039;utilisation : les \u00e9ventuelles limitations d&#039;utilisation sont li\u00e9es au type de m\u00e9dicament utilis\u00e9 pour l&#039;a\u00e9rosolth\u00e9rapie.<\/p>\n<p><strong>ACCESSOIRES FOURNIS<\/strong><\/p>\n<p>A \u2013 Masque pour adulte<\/p>\n<p>B \u2013 Masque pour enfants<\/p>\n<p>C \u2013 Embouchure<\/p>\n<p>D \u2013 Fourche nasale<\/p>\n<p>E \u2013 Tube de raccordement<\/p>\n<p>F \u2013 Flacon<\/p>","protected":false},"featured_media":19706,"template":"","meta":[],"product_brand":[],"product_cat":[15],"product_tag":[],"class_list":{"0":"post-19705","1":"product","2":"type-product","3":"status-publish","4":"has-post-thumbnail","6":"product_cat-uncategorized","8":"first","9":"instock","10":"shipping-taxable","11":"purchasable","12":"product-type-simple"},"_links":{"self":[{"href":"https:\/\/farmaciacrisia.ro\/fr\/wp-json\/wp\/v2\/product\/19705","targetHints":{"allow":["GET"]}}],"collection":[{"href":"https:\/\/farmaciacrisia.ro\/fr\/wp-json\/wp\/v2\/product"}],"about":[{"href":"https:\/\/farmaciacrisia.ro\/fr\/wp-json\/wp\/v2\/types\/product"}],"version-history":[{"count":3,"href":"https:\/\/farmaciacrisia.ro\/fr\/wp-json\/wp\/v2\/product\/19705\/revisions"}],"predecessor-version":[{"id":20077,"href":"https:\/\/farmaciacrisia.ro\/fr\/wp-json\/wp\/v2\/product\/19705\/revisions\/20077"}],"wp:featuredmedia":[{"embeddable":true,"href":"https:\/\/farmaciacrisia.ro\/fr\/wp-json\/wp\/v2\/media\/19706"}],"wp:attachment":[{"href":"https:\/\/farmaciacrisia.ro\/fr\/wp-json\/wp\/v2\/media?parent=19705"}],"wp:term":[{"taxonomy":"product_brand","embeddable":true,"href":"https:\/\/farmaciacrisia.ro\/fr\/wp-json\/wp\/v2\/product_brand?post=19705"},{"taxonomy":"product_cat","embeddable":true,"href":"https:\/\/farmaciacrisia.ro\/fr\/wp-json\/wp\/v2\/product_cat?post=19705"},{"taxonomy":"product_tag","embeddable":true,"href":"https:\/\/farmaciacrisia.ro\/fr\/wp-json\/wp\/v2\/product_tag?post=19705"}],"curies":[{"name":"wp","href":"https:\/\/api.w.org\/{rel}","templated":true}]}}