{"id":19712,"date":"2025-04-16T13:21:56","date_gmt":"2025-04-16T13:21:56","guid":{"rendered":"https:\/\/farmaciacrisia.ro\/?post_type=product&#038;p=19712"},"modified":"2025-10-28T12:34:59","modified_gmt":"2025-10-28T12:34:59","slug":"nebulizator-cu-compresor-koala-flaemnuova","status":"publish","type":"product","link":"https:\/\/farmaciacrisia.ro\/fr\/produit\/nebulizator-cu-compresor-koala-flaemnuova\/","title":{"rendered":"N\u00e9buliseur \u00e0 compresseur KOALA FLAEMNUOVA"},"content":{"rendered":"","protected":false},"excerpt":{"rendered":"<p>n\u00e9buliseur\u00a0<strong>KOALA FLAEMNUOVA<\/strong>\u00a0Le n\u00e9buliseur avec compresseur est l&#039;appareil id\u00e9al pour les traitements respiratoires \u00e0 domicile ou en clinique. Con\u00e7u pour un traitement efficace, ce n\u00e9buliseur est facile \u00e0 utiliser gr\u00e2ce \u00e0 sa commande par simple pression sur un bouton. Compact et l\u00e9ger, il est parfait pour un usage quotidien, adapt\u00e9 aux enfants comme aux adultes.<\/p>\n<p><strong>Caract\u00e9ristiques:<\/strong><\/p>\n<ul>\n<li><strong>Vitesse de n\u00e9bulisation<\/strong>:Le n\u00e9buliseur assure une administration rapide et efficace des m\u00e9dicaments, aidant ainsi \u00e0 traiter les affections des voies respiratoires inf\u00e9rieures.<\/li>\n<li><strong>Convivial<\/strong>:Le fonctionnement \u00e0 un seul bouton le rend extr\u00eamement simple \u00e0 utiliser pour toute la famille.<\/li>\n<li><strong>Convient \u00e0 tous les utilisateurs<\/strong>:Il est id\u00e9al pour les enfants et les adultes, contribuant \u00e0 des traitements efficaces des affections respiratoires.<\/li>\n<li><strong>Conception compacte et hygi\u00e9nique<\/strong>:Facile \u00e0 nettoyer et \u00e0 transporter, parfait pour une utilisation \u00e0 la maison et en d\u00e9placement.<\/li>\n<\/ul>\n<p><strong>Contenu du colis :<\/strong><\/p>\n<ul>\n<li>Dispositif a\u00e9rosol\/compresseur<\/li>\n<li>Kit de n\u00e9bulisation<\/li>\n<li>Tuyau (PVC, 100 m)<\/li>\n<li>Embouchure<\/li>\n<li>Pi\u00e8ce nasale<\/li>\n<li>Masque adulte (PVC)<\/li>\n<li>Masque pour enfant (PVC)<\/li>\n<li>Filtre \u00e0 air<\/li>\n<li>Manuel d&#039;utilisation<\/li>\n<li>Certificat de garantie<\/li>\n<\/ul>","protected":false},"featured_media":19713,"template":"","meta":[],"product_brand":[],"product_cat":[15],"product_tag":[],"class_list":{"0":"post-19712","1":"product","2":"type-product","3":"status-publish","4":"has-post-thumbnail","6":"product_cat-uncategorized","8":"first","9":"instock","10":"shipping-taxable","11":"purchasable","12":"product-type-simple"},"_links":{"self":[{"href":"https:\/\/farmaciacrisia.ro\/fr\/wp-json\/wp\/v2\/product\/19712","targetHints":{"allow":["GET"]}}],"collection":[{"href":"https:\/\/farmaciacrisia.ro\/fr\/wp-json\/wp\/v2\/product"}],"about":[{"href":"https:\/\/farmaciacrisia.ro\/fr\/wp-json\/wp\/v2\/types\/product"}],"version-history":[{"count":4,"href":"https:\/\/farmaciacrisia.ro\/fr\/wp-json\/wp\/v2\/product\/19712\/revisions"}],"predecessor-version":[{"id":20078,"href":"https:\/\/farmaciacrisia.ro\/fr\/wp-json\/wp\/v2\/product\/19712\/revisions\/20078"}],"wp:featuredmedia":[{"embeddable":true,"href":"https:\/\/farmaciacrisia.ro\/fr\/wp-json\/wp\/v2\/media\/19713"}],"wp:attachment":[{"href":"https:\/\/farmaciacrisia.ro\/fr\/wp-json\/wp\/v2\/media?parent=19712"}],"wp:term":[{"taxonomy":"product_brand","embeddable":true,"href":"https:\/\/farmaciacrisia.ro\/fr\/wp-json\/wp\/v2\/product_brand?post=19712"},{"taxonomy":"product_cat","embeddable":true,"href":"https:\/\/farmaciacrisia.ro\/fr\/wp-json\/wp\/v2\/product_cat?post=19712"},{"taxonomy":"product_tag","embeddable":true,"href":"https:\/\/farmaciacrisia.ro\/fr\/wp-json\/wp\/v2\/product_tag?post=19712"}],"curies":[{"name":"wp","href":"https:\/\/api.w.org\/{rel}","templated":true}]}}