{"id":19766,"date":"2025-05-05T09:13:17","date_gmt":"2025-05-05T09:13:17","guid":{"rendered":"https:\/\/farmaciacrisia.ro\/?post_type=product&#038;p=19766"},"modified":"2025-12-18T15:15:34","modified_gmt":"2025-12-18T15:15:34","slug":"crema-calmanta-pentru-piele-sensibila-50-ml","status":"publish","type":"product","link":"https:\/\/farmaciacrisia.ro\/fr\/produit\/crema-calmanta-pentru-piele-sensibila-50-ml\/","title":{"rendered":"CR\u00c8ME APAISANTE <br> PEAUX SENSIBLES \u2013 50 ML"},"content":{"rendered":"<p>La cr\u00e8me apaisante pour peaux sensibles assure un soin quotidien des peaux hypersensibles, apaise instantan\u00e9ment la sensation de tiraillements, de picotements et de d\u00e9mangeaisons sur la peau, en maintenant un confort optimal, tout en ayant une action hydratante pendant 24 heures.<\/p>\n<p>\u2713 Sans parfum<br \/>\n\u2713 Convient \u00e0 tous les types de peau, y compris les peaux sensibles et hypersensibles.<\/p>","protected":false},"excerpt":{"rendered":"<p>Crema calmanta pentru ten sensibil asigura ingrijirea zilnica a tenului hipersensibil, calmeaza instantaneu senzatia de piele care strange, furnicaturile si mancarimile la nivelul tenului, mentinand un confort optim, avand totodata actiune hidratanta timp de 24 de ore. \u2713 Fara parfum [&hellip;]<\/p>\n","protected":false},"featured_media":20455,"template":"","meta":[],"product_brand":[],"product_cat":[15],"product_tag":[],"class_list":{"0":"post-19766","1":"product","2":"type-product","3":"status-publish","4":"has-post-thumbnail","6":"product_cat-uncategorized","8":"first","9":"instock","10":"shipping-taxable","11":"purchasable","12":"product-type-simple"},"_links":{"self":[{"href":"https:\/\/farmaciacrisia.ro\/fr\/wp-json\/wp\/v2\/product\/19766","targetHints":{"allow":["GET"]}}],"collection":[{"href":"https:\/\/farmaciacrisia.ro\/fr\/wp-json\/wp\/v2\/product"}],"about":[{"href":"https:\/\/farmaciacrisia.ro\/fr\/wp-json\/wp\/v2\/types\/product"}],"version-history":[{"count":6,"href":"https:\/\/farmaciacrisia.ro\/fr\/wp-json\/wp\/v2\/product\/19766\/revisions"}],"predecessor-version":[{"id":20367,"href":"https:\/\/farmaciacrisia.ro\/fr\/wp-json\/wp\/v2\/product\/19766\/revisions\/20367"}],"wp:featuredmedia":[{"embeddable":true,"href":"https:\/\/farmaciacrisia.ro\/fr\/wp-json\/wp\/v2\/media\/20455"}],"wp:attachment":[{"href":"https:\/\/farmaciacrisia.ro\/fr\/wp-json\/wp\/v2\/media?parent=19766"}],"wp:term":[{"taxonomy":"product_brand","embeddable":true,"href":"https:\/\/farmaciacrisia.ro\/fr\/wp-json\/wp\/v2\/product_brand?post=19766"},{"taxonomy":"product_cat","embeddable":true,"href":"https:\/\/farmaciacrisia.ro\/fr\/wp-json\/wp\/v2\/product_cat?post=19766"},{"taxonomy":"product_tag","embeddable":true,"href":"https:\/\/farmaciacrisia.ro\/fr\/wp-json\/wp\/v2\/product_tag?post=19766"}],"curies":[{"name":"wp","href":"https:\/\/api.w.org\/{rel}","templated":true}]}}