{"id":19780,"date":"2025-05-15T08:50:44","date_gmt":"2025-05-15T08:50:44","guid":{"rendered":"https:\/\/farmaciacrisia.ro\/?post_type=product&#038;p=19780"},"modified":"2025-12-18T14:55:56","modified_gmt":"2025-12-18T14:55:56","slug":"crema-de-fata-cu-retinol-50-ml","status":"publish","type":"product","link":"https:\/\/farmaciacrisia.ro\/fr\/produit\/crema-de-fata-cu-retinol-50-ml\/","title":{"rendered":"CR\u00c8ME VISAGE AU R\u00c9TINOL <br>\u2013 50 ML"},"content":{"rendered":"<p>La cr\u00e8me pour le visage au r\u00e9tinol a une action anti-rides et anti-\u00e2ge, am\u00e9liore l&#039;\u00e9lasticit\u00e9 de la peau, les pores deviennent moins visibles et l&#039;apparence de la peau est plus uniforme, lisse les rides et a un effet antioxydant et hydratant.<\/p>\n<p>\u2713 Sans parfum<br \/>\n\u2713 Convient \u00e0 tous les types de peau.<\/p>","protected":false},"excerpt":{"rendered":"<p>Soin anti-\u00e2ge \u00e0 action globale, formul\u00e9 \u00e0 base de r\u00e9tinol (200 000 UI), associ\u00e9 \u00e0 de la vitamine E antioxydante et de la glyc\u00e9rine<br data-start=\"143\" data-end=\"146\" \/>Hydratant. Ce complexe d&#039;ingr\u00e9dients agit sur l&#039;hydratation de la peau, les rides, les pores et l&#039;uniformit\u00e9 du teint. Produit concentr\u00e9 en r\u00e9tinol, non irritant.<\/p>\n<p>Produit test\u00e9 cliniquement sous contr\u00f4le dermatologique.<\/p>\n<p>Formule avec 99% ingr\u00e9dients d&#039;origine naturelle, sans parfum.<\/p>","protected":false},"featured_media":20454,"template":"","meta":[],"product_brand":[],"product_cat":[15],"product_tag":[],"class_list":{"0":"post-19780","1":"product","2":"type-product","3":"status-publish","4":"has-post-thumbnail","6":"product_cat-uncategorized","8":"first","9":"instock","10":"shipping-taxable","11":"purchasable","12":"product-type-simple"},"_links":{"self":[{"href":"https:\/\/farmaciacrisia.ro\/fr\/wp-json\/wp\/v2\/product\/19780","targetHints":{"allow":["GET"]}}],"collection":[{"href":"https:\/\/farmaciacrisia.ro\/fr\/wp-json\/wp\/v2\/product"}],"about":[{"href":"https:\/\/farmaciacrisia.ro\/fr\/wp-json\/wp\/v2\/types\/product"}],"version-history":[{"count":10,"href":"https:\/\/farmaciacrisia.ro\/fr\/wp-json\/wp\/v2\/product\/19780\/revisions"}],"predecessor-version":[{"id":19940,"href":"https:\/\/farmaciacrisia.ro\/fr\/wp-json\/wp\/v2\/product\/19780\/revisions\/19940"}],"wp:featuredmedia":[{"embeddable":true,"href":"https:\/\/farmaciacrisia.ro\/fr\/wp-json\/wp\/v2\/media\/20454"}],"wp:attachment":[{"href":"https:\/\/farmaciacrisia.ro\/fr\/wp-json\/wp\/v2\/media?parent=19780"}],"wp:term":[{"taxonomy":"product_brand","embeddable":true,"href":"https:\/\/farmaciacrisia.ro\/fr\/wp-json\/wp\/v2\/product_brand?post=19780"},{"taxonomy":"product_cat","embeddable":true,"href":"https:\/\/farmaciacrisia.ro\/fr\/wp-json\/wp\/v2\/product_cat?post=19780"},{"taxonomy":"product_tag","embeddable":true,"href":"https:\/\/farmaciacrisia.ro\/fr\/wp-json\/wp\/v2\/product_tag?post=19780"}],"curies":[{"name":"wp","href":"https:\/\/api.w.org\/{rel}","templated":true}]}}