{"id":19782,"date":"2025-05-15T08:54:50","date_gmt":"2025-05-15T08:54:50","guid":{"rendered":"https:\/\/farmaciacrisia.ro\/?post_type=product&#038;p=19782"},"modified":"2026-03-04T14:32:14","modified_gmt":"2026-03-04T14:32:14","slug":"crema-anti-imperfectiuni-50-ml","status":"publish","type":"product","link":"https:\/\/farmaciacrisia.ro\/fr\/produit\/crema-anti-imperfectiuni-50-ml\/","title":{"rendered":"CR\u00c8ME ANTI-Rides <br> IMPERFECTIONS \u2013 50 ML"},"content":{"rendered":"<p>La cr\u00e8me anti-imperfections a un effet purifiant, b\u00e9n\u00e9fique pour les peaux sujettes aux imperfections, est efficace dans tous les types d&#039;acn\u00e9, r\u00e9duit le s\u00e9bum et l&#039;apparence des pores, r\u00e9duit les marques post-acn\u00e9, unifie le teint, procure une hydratation en profondeur et dure 8 heures et a une formule non com\u00e9dog\u00e8ne.<\/p>\n<p>\u2713 Sans parfum<br \/>\n\u2713 Convient aux peaux mixtes ou grasses, y compris les peaux sensibles.<\/p>","protected":false},"excerpt":{"rendered":"<p>Crema anti-imperfectiuni are efect purifiant, benefic pentru tenul predispus la imperfectiuni, este eficienta in toate tipurile de acnee, diminueaza sebumul si aspectul porilor, reduce semnele post-acneice, uniformizeaza tenul, ofera hidratare profunda si continua timp de 8 ore si are o [&hellip;]<\/p>\n","protected":false},"featured_media":20453,"template":"","meta":[],"product_brand":[],"product_cat":[15],"product_tag":[],"class_list":{"0":"post-19782","1":"product","2":"type-product","3":"status-publish","4":"has-post-thumbnail","6":"product_cat-uncategorized","8":"first","9":"instock","10":"shipping-taxable","11":"purchasable","12":"product-type-simple"},"_links":{"self":[{"href":"https:\/\/farmaciacrisia.ro\/fr\/wp-json\/wp\/v2\/product\/19782","targetHints":{"allow":["GET"]}}],"collection":[{"href":"https:\/\/farmaciacrisia.ro\/fr\/wp-json\/wp\/v2\/product"}],"about":[{"href":"https:\/\/farmaciacrisia.ro\/fr\/wp-json\/wp\/v2\/types\/product"}],"version-history":[{"count":11,"href":"https:\/\/farmaciacrisia.ro\/fr\/wp-json\/wp\/v2\/product\/19782\/revisions"}],"predecessor-version":[{"id":20333,"href":"https:\/\/farmaciacrisia.ro\/fr\/wp-json\/wp\/v2\/product\/19782\/revisions\/20333"}],"wp:featuredmedia":[{"embeddable":true,"href":"https:\/\/farmaciacrisia.ro\/fr\/wp-json\/wp\/v2\/media\/20453"}],"wp:attachment":[{"href":"https:\/\/farmaciacrisia.ro\/fr\/wp-json\/wp\/v2\/media?parent=19782"}],"wp:term":[{"taxonomy":"product_brand","embeddable":true,"href":"https:\/\/farmaciacrisia.ro\/fr\/wp-json\/wp\/v2\/product_brand?post=19782"},{"taxonomy":"product_cat","embeddable":true,"href":"https:\/\/farmaciacrisia.ro\/fr\/wp-json\/wp\/v2\/product_cat?post=19782"},{"taxonomy":"product_tag","embeddable":true,"href":"https:\/\/farmaciacrisia.ro\/fr\/wp-json\/wp\/v2\/product_tag?post=19782"}],"curies":[{"name":"wp","href":"https:\/\/api.w.org\/{rel}","templated":true}]}}