{"id":19784,"date":"2025-05-15T09:00:03","date_gmt":"2025-05-15T09:00:03","guid":{"rendered":"https:\/\/farmaciacrisia.ro\/?post_type=product&#038;p=19784"},"modified":"2025-12-18T15:15:07","modified_gmt":"2025-12-18T15:15:07","slug":"crema-dermo-calmanta-50-ml","status":"publish","type":"product","link":"https:\/\/farmaciacrisia.ro\/fr\/produit\/crema-dermo-calmanta-50-ml\/","title":{"rendered":"CR\u00c8ME DERMO-APAISANTE <br>\u2013 50 ML"},"content":{"rendered":"<p>La cr\u00e8me dermo-calmante a un effet calmant et anti-inflammatoire, r\u00e9duit la sensation de d\u00e9mangeaisons 10 minutes apr\u00e8s l&#039;application, assure hydratation et confort de la peau, \u00e9tant efficace sur les zones touch\u00e9es par l&#039;ecz\u00e9ma, l&#039;irritation ou le psoriasis.<\/p>\n<p>\u2713Sans parfum<br \/>\n\u2713Convient aux peaux s\u00e8ches, sensibles et hyper-r\u00e9actives.<\/p>","protected":false},"excerpt":{"rendered":"<p>La cr\u00e8me dermo-calmante a un effet calmant et anti-inflammatoire, r\u00e9duit la sensation de d\u00e9mangeaisons 10 minutes apr\u00e8s l&#039;application, assure hydratation et confort de la peau, \u00e9tant efficace sur les zones touch\u00e9es par l&#039;ecz\u00e9ma, l&#039;irritation ou le psoriasis. \u2713Sans parfum \u2713Convient aux peaux s\u00e8ches, sensibles et hyper-r\u00e9actives.<\/p>","protected":false},"featured_media":20452,"template":"","meta":[],"product_brand":[],"product_cat":[15],"product_tag":[],"class_list":{"0":"post-19784","1":"product","2":"type-product","3":"status-publish","4":"has-post-thumbnail","6":"product_cat-uncategorized","8":"first","9":"instock","10":"shipping-taxable","11":"purchasable","12":"product-type-simple"},"_links":{"self":[{"href":"https:\/\/farmaciacrisia.ro\/fr\/wp-json\/wp\/v2\/product\/19784","targetHints":{"allow":["GET"]}}],"collection":[{"href":"https:\/\/farmaciacrisia.ro\/fr\/wp-json\/wp\/v2\/product"}],"about":[{"href":"https:\/\/farmaciacrisia.ro\/fr\/wp-json\/wp\/v2\/types\/product"}],"version-history":[{"count":7,"href":"https:\/\/farmaciacrisia.ro\/fr\/wp-json\/wp\/v2\/product\/19784\/revisions"}],"predecessor-version":[{"id":20332,"href":"https:\/\/farmaciacrisia.ro\/fr\/wp-json\/wp\/v2\/product\/19784\/revisions\/20332"}],"wp:featuredmedia":[{"embeddable":true,"href":"https:\/\/farmaciacrisia.ro\/fr\/wp-json\/wp\/v2\/media\/20452"}],"wp:attachment":[{"href":"https:\/\/farmaciacrisia.ro\/fr\/wp-json\/wp\/v2\/media?parent=19784"}],"wp:term":[{"taxonomy":"product_brand","embeddable":true,"href":"https:\/\/farmaciacrisia.ro\/fr\/wp-json\/wp\/v2\/product_brand?post=19784"},{"taxonomy":"product_cat","embeddable":true,"href":"https:\/\/farmaciacrisia.ro\/fr\/wp-json\/wp\/v2\/product_cat?post=19784"},{"taxonomy":"product_tag","embeddable":true,"href":"https:\/\/farmaciacrisia.ro\/fr\/wp-json\/wp\/v2\/product_tag?post=19784"}],"curies":[{"name":"wp","href":"https:\/\/api.w.org\/{rel}","templated":true}]}}