{"id":19786,"date":"2025-05-15T09:20:55","date_gmt":"2025-05-15T09:20:55","guid":{"rendered":"https:\/\/farmaciacrisia.ro\/?post_type=product&#038;p=19786"},"modified":"2026-02-26T18:50:40","modified_gmt":"2026-02-26T18:50:40","slug":"apa-depigmentanta-100-ml","status":"publish","type":"product","link":"https:\/\/farmaciacrisia.ro\/fr\/produit\/apa-depigmentanta-100-ml\/","title":{"rendered":"SOLUTION D\u00c9PIGMENTANTE \u2013 100 ML"},"content":{"rendered":"","protected":false},"excerpt":{"rendered":"<p>Cette solution est un produit cosm\u00e9tique \u00e0 action d\u00e9pigmentante, efficace pour att\u00e9nuer les taches d&#039;hyperpigmentation. Elle agit en inhibant la synth\u00e8se de m\u00e9lanine et en exfoliant superficiellement. Elle redonne \u00e0 la peau son \u00e9clat et son teint naturel.<\/p>","protected":false},"featured_media":21828,"template":"","meta":[],"product_brand":[],"product_cat":[15,580],"product_tag":[],"class_list":{"0":"post-19786","1":"product","2":"type-product","3":"status-publish","4":"has-post-thumbnail","6":"product_cat-uncategorized","7":"product_cat-cosmetice-traditionale","8":"fc-lipsa","10":"first","11":"lipsa","12":"shipping-taxable","13":"product-type-simple"},"_links":{"self":[{"href":"https:\/\/farmaciacrisia.ro\/fr\/wp-json\/wp\/v2\/product\/19786","targetHints":{"allow":["GET"]}}],"collection":[{"href":"https:\/\/farmaciacrisia.ro\/fr\/wp-json\/wp\/v2\/product"}],"about":[{"href":"https:\/\/farmaciacrisia.ro\/fr\/wp-json\/wp\/v2\/types\/product"}],"version-history":[{"count":4,"href":"https:\/\/farmaciacrisia.ro\/fr\/wp-json\/wp\/v2\/product\/19786\/revisions"}],"predecessor-version":[{"id":21827,"href":"https:\/\/farmaciacrisia.ro\/fr\/wp-json\/wp\/v2\/product\/19786\/revisions\/21827"}],"wp:featuredmedia":[{"embeddable":true,"href":"https:\/\/farmaciacrisia.ro\/fr\/wp-json\/wp\/v2\/media\/21828"}],"wp:attachment":[{"href":"https:\/\/farmaciacrisia.ro\/fr\/wp-json\/wp\/v2\/media?parent=19786"}],"wp:term":[{"taxonomy":"product_brand","embeddable":true,"href":"https:\/\/farmaciacrisia.ro\/fr\/wp-json\/wp\/v2\/product_brand?post=19786"},{"taxonomy":"product_cat","embeddable":true,"href":"https:\/\/farmaciacrisia.ro\/fr\/wp-json\/wp\/v2\/product_cat?post=19786"},{"taxonomy":"product_tag","embeddable":true,"href":"https:\/\/farmaciacrisia.ro\/fr\/wp-json\/wp\/v2\/product_tag?post=19786"}],"curies":[{"name":"wp","href":"https:\/\/api.w.org\/{rel}","templated":true}]}}