{"id":19788,"date":"2025-05-15T09:28:25","date_gmt":"2025-05-15T09:28:25","guid":{"rendered":"https:\/\/farmaciacrisia.ro\/?post_type=product&#038;p=19788"},"modified":"2025-08-14T07:06:22","modified_gmt":"2025-08-14T07:06:22","slug":"crema-anti-aging-cu-resveratrol-si-ulei-de-jojoba-50-ml","status":"publish","type":"product","link":"https:\/\/farmaciacrisia.ro\/fr\/produit\/crema-anti-aging-cu-resveratrol-si-ulei-de-jojoba-50-ml\/","title":{"rendered":"Cr\u00e8me anti-\u00e2ge au resv\u00e9ratrol et \u00e0 l&#039;huile de jojoba \u2013 50 ml"},"content":{"rendered":"","protected":false},"excerpt":{"rendered":"<p>La cr\u00e8me anti-\u00e2ge au resv\u00e9ratrol et \u00e0 l&#039;huile de jojoba est un soin hydratant qui stimule la r\u00e9g\u00e9n\u00e9ration cellulaire et la production de collag\u00e8ne, am\u00e9liorant ainsi le teint et l&#039;\u00e9lasticit\u00e9 de la peau. Elle prot\u00e8ge et renforce \u00e9galement la barri\u00e8re cutan\u00e9e. Gr\u00e2ce \u00e0 l&#039;effet antioxydant et anti-\u00e2ge du resv\u00e9ratrol, elle retarde l&#039;apparition des premiers signes de vieillissement cutan\u00e9 et att\u00e9nue les rides et ridules.<\/p>","protected":false},"featured_media":20450,"template":"","meta":[],"product_brand":[],"product_cat":[15,580],"product_tag":[],"class_list":{"0":"post-19788","1":"product","2":"type-product","3":"status-publish","4":"has-post-thumbnail","6":"product_cat-uncategorized","7":"product_cat-cosmetice-traditionale","9":"first","10":"instock","11":"shipping-taxable","12":"purchasable","13":"product-type-simple"},"_links":{"self":[{"href":"https:\/\/farmaciacrisia.ro\/fr\/wp-json\/wp\/v2\/product\/19788","targetHints":{"allow":["GET"]}}],"collection":[{"href":"https:\/\/farmaciacrisia.ro\/fr\/wp-json\/wp\/v2\/product"}],"about":[{"href":"https:\/\/farmaciacrisia.ro\/fr\/wp-json\/wp\/v2\/types\/product"}],"version-history":[{"count":5,"href":"https:\/\/farmaciacrisia.ro\/fr\/wp-json\/wp\/v2\/product\/19788\/revisions"}],"predecessor-version":[{"id":20451,"href":"https:\/\/farmaciacrisia.ro\/fr\/wp-json\/wp\/v2\/product\/19788\/revisions\/20451"}],"wp:featuredmedia":[{"embeddable":true,"href":"https:\/\/farmaciacrisia.ro\/fr\/wp-json\/wp\/v2\/media\/20450"}],"wp:attachment":[{"href":"https:\/\/farmaciacrisia.ro\/fr\/wp-json\/wp\/v2\/media?parent=19788"}],"wp:term":[{"taxonomy":"product_brand","embeddable":true,"href":"https:\/\/farmaciacrisia.ro\/fr\/wp-json\/wp\/v2\/product_brand?post=19788"},{"taxonomy":"product_cat","embeddable":true,"href":"https:\/\/farmaciacrisia.ro\/fr\/wp-json\/wp\/v2\/product_cat?post=19788"},{"taxonomy":"product_tag","embeddable":true,"href":"https:\/\/farmaciacrisia.ro\/fr\/wp-json\/wp\/v2\/product_tag?post=19788"}],"curies":[{"name":"wp","href":"https:\/\/api.w.org\/{rel}","templated":true}]}}