{"id":19790,"date":"2025-05-15T09:31:25","date_gmt":"2025-05-15T09:31:25","guid":{"rendered":"https:\/\/farmaciacrisia.ro\/?post_type=product&#038;p=19790"},"modified":"2025-08-13T09:44:04","modified_gmt":"2025-08-13T09:44:04","slug":"crema-hidratanta-de-zi-cu-colagen-30-ml","status":"publish","type":"product","link":"https:\/\/farmaciacrisia.ro\/fr\/produit\/crema-hidratanta-de-zi-cu-colagen-30-ml\/","title":{"rendered":"CR\u00c8ME DE JOUR AU COLLAG\u00c8NE \u2013 30 ML"},"content":{"rendered":"","protected":false},"excerpt":{"rendered":"<p>La formule complexe de cette cr\u00e8me assure une hydratation profonde de la peau, apaise les irritations et r\u00e9duit les rougeurs. Elle stimule \u00e9galement la synth\u00e8se de collag\u00e8ne et att\u00e9nue les ridules. Cette cr\u00e8me est b\u00e9n\u00e9fique en cas de cicatrices ou de couperose.<\/p>","protected":false},"featured_media":20448,"template":"","meta":[],"product_brand":[],"product_cat":[15,580],"product_tag":[],"class_list":{"0":"post-19790","1":"product","2":"type-product","3":"status-publish","4":"has-post-thumbnail","6":"product_cat-uncategorized","7":"product_cat-cosmetice-traditionale","9":"first","10":"instock","11":"shipping-taxable","12":"purchasable","13":"product-type-simple"},"_links":{"self":[{"href":"https:\/\/farmaciacrisia.ro\/fr\/wp-json\/wp\/v2\/product\/19790","targetHints":{"allow":["GET"]}}],"collection":[{"href":"https:\/\/farmaciacrisia.ro\/fr\/wp-json\/wp\/v2\/product"}],"about":[{"href":"https:\/\/farmaciacrisia.ro\/fr\/wp-json\/wp\/v2\/types\/product"}],"version-history":[{"count":5,"href":"https:\/\/farmaciacrisia.ro\/fr\/wp-json\/wp\/v2\/product\/19790\/revisions"}],"predecessor-version":[{"id":20449,"href":"https:\/\/farmaciacrisia.ro\/fr\/wp-json\/wp\/v2\/product\/19790\/revisions\/20449"}],"wp:featuredmedia":[{"embeddable":true,"href":"https:\/\/farmaciacrisia.ro\/fr\/wp-json\/wp\/v2\/media\/20448"}],"wp:attachment":[{"href":"https:\/\/farmaciacrisia.ro\/fr\/wp-json\/wp\/v2\/media?parent=19790"}],"wp:term":[{"taxonomy":"product_brand","embeddable":true,"href":"https:\/\/farmaciacrisia.ro\/fr\/wp-json\/wp\/v2\/product_brand?post=19790"},{"taxonomy":"product_cat","embeddable":true,"href":"https:\/\/farmaciacrisia.ro\/fr\/wp-json\/wp\/v2\/product_cat?post=19790"},{"taxonomy":"product_tag","embeddable":true,"href":"https:\/\/farmaciacrisia.ro\/fr\/wp-json\/wp\/v2\/product_tag?post=19790"}],"curies":[{"name":"wp","href":"https:\/\/api.w.org\/{rel}","templated":true}]}}