{"id":19792,"date":"2025-05-15T09:38:19","date_gmt":"2025-05-15T09:38:19","guid":{"rendered":"https:\/\/farmaciacrisia.ro\/?post_type=product&#038;p=19792"},"modified":"2025-08-13T08:42:24","modified_gmt":"2025-08-13T08:42:24","slug":"ser-anti-aging-cu-aha-si-bisabolol-30-ml","status":"publish","type":"product","link":"https:\/\/farmaciacrisia.ro\/fr\/produit\/ser-anti-aging-cu-aha-si-bisabolol-30-ml\/","title":{"rendered":"S\u00c9RUM ANTI-\u00c2GE AUX AHA ET BISABOLOL \u2013 30 ML"},"content":{"rendered":"<p>Le s\u00e9rum anti-\u00e2ge aux AHA et au bisabolol est un soin exfoliant qui aide \u00e0 att\u00e9nuer les taches d&#039;hyperpigmentation et \u00e0 pr\u00e9venir leur apparition. Il est \u00e9galement profond\u00e9ment r\u00e9g\u00e9n\u00e9rant, r\u00e9parateur, cicatrisant et antioxydant. Il retarde l&#039;apparition des signes du vieillissement pr\u00e9matur\u00e9, hydrate et apaise la peau.<\/p>","protected":false},"excerpt":{"rendered":"<p>Serul anti-aging cu AHA si bisabolol este un produs anti-aging cu actiune exfolianta, care ajuta la estomparea petelor hiperpigmentare si prevenirea aparitiei acestora. Totodata, este regenerator in profunzime, reparator, cicatrizant si antioxidant. Serul intarzie aparitia semnelor de imbatranire prematura, hidrateaza [&hellip;]<\/p>\n","protected":false},"featured_media":20356,"template":"","meta":[],"product_brand":[],"product_cat":[15,580],"product_tag":[],"class_list":{"0":"post-19792","1":"product","2":"type-product","3":"status-publish","4":"has-post-thumbnail","6":"product_cat-uncategorized","7":"product_cat-cosmetice-traditionale","9":"first","10":"instock","11":"shipping-taxable","12":"purchasable","13":"product-type-simple"},"_links":{"self":[{"href":"https:\/\/farmaciacrisia.ro\/fr\/wp-json\/wp\/v2\/product\/19792","targetHints":{"allow":["GET"]}}],"collection":[{"href":"https:\/\/farmaciacrisia.ro\/fr\/wp-json\/wp\/v2\/product"}],"about":[{"href":"https:\/\/farmaciacrisia.ro\/fr\/wp-json\/wp\/v2\/types\/product"}],"version-history":[{"count":5,"href":"https:\/\/farmaciacrisia.ro\/fr\/wp-json\/wp\/v2\/product\/19792\/revisions"}],"predecessor-version":[{"id":20238,"href":"https:\/\/farmaciacrisia.ro\/fr\/wp-json\/wp\/v2\/product\/19792\/revisions\/20238"}],"wp:featuredmedia":[{"embeddable":true,"href":"https:\/\/farmaciacrisia.ro\/fr\/wp-json\/wp\/v2\/media\/20356"}],"wp:attachment":[{"href":"https:\/\/farmaciacrisia.ro\/fr\/wp-json\/wp\/v2\/media?parent=19792"}],"wp:term":[{"taxonomy":"product_brand","embeddable":true,"href":"https:\/\/farmaciacrisia.ro\/fr\/wp-json\/wp\/v2\/product_brand?post=19792"},{"taxonomy":"product_cat","embeddable":true,"href":"https:\/\/farmaciacrisia.ro\/fr\/wp-json\/wp\/v2\/product_cat?post=19792"},{"taxonomy":"product_tag","embeddable":true,"href":"https:\/\/farmaciacrisia.ro\/fr\/wp-json\/wp\/v2\/product_tag?post=19792"}],"curies":[{"name":"wp","href":"https:\/\/api.w.org\/{rel}","templated":true}]}}