{"id":19794,"date":"2025-05-15T09:44:55","date_gmt":"2025-05-15T09:44:55","guid":{"rendered":"https:\/\/farmaciacrisia.ro\/?post_type=product&#038;p=19794"},"modified":"2025-08-13T09:43:05","modified_gmt":"2025-08-13T09:43:05","slug":"crema-de-zi-cu-vitamine-25-ml","status":"publish","type":"product","link":"https:\/\/farmaciacrisia.ro\/fr\/produit\/crema-de-zi-cu-vitamine-25-ml\/","title":{"rendered":"CR\u00c8ME DE JOUR AUX VITAMINES <br>\u2013 25 ML"},"content":{"rendered":"","protected":false},"excerpt":{"rendered":"<p>La cr\u00e8me de jour vitamin\u00e9e est un soin nourrissant, \u00e9mollient et antioxydant. Elle hydrate la peau en profondeur et lui conf\u00e8re un aspect velout\u00e9. Elle pr\u00e9vient \u00e9galement le vieillissement pr\u00e9matur\u00e9 de la peau.<\/p>","protected":false},"featured_media":20446,"template":"","meta":[],"product_brand":[],"product_cat":[15,580],"product_tag":[],"class_list":{"0":"post-19794","1":"product","2":"type-product","3":"status-publish","4":"has-post-thumbnail","6":"product_cat-uncategorized","7":"product_cat-cosmetice-traditionale","9":"first","10":"instock","11":"shipping-taxable","12":"purchasable","13":"product-type-simple"},"_links":{"self":[{"href":"https:\/\/farmaciacrisia.ro\/fr\/wp-json\/wp\/v2\/product\/19794","targetHints":{"allow":["GET"]}}],"collection":[{"href":"https:\/\/farmaciacrisia.ro\/fr\/wp-json\/wp\/v2\/product"}],"about":[{"href":"https:\/\/farmaciacrisia.ro\/fr\/wp-json\/wp\/v2\/types\/product"}],"version-history":[{"count":7,"href":"https:\/\/farmaciacrisia.ro\/fr\/wp-json\/wp\/v2\/product\/19794\/revisions"}],"predecessor-version":[{"id":20447,"href":"https:\/\/farmaciacrisia.ro\/fr\/wp-json\/wp\/v2\/product\/19794\/revisions\/20447"}],"wp:featuredmedia":[{"embeddable":true,"href":"https:\/\/farmaciacrisia.ro\/fr\/wp-json\/wp\/v2\/media\/20446"}],"wp:attachment":[{"href":"https:\/\/farmaciacrisia.ro\/fr\/wp-json\/wp\/v2\/media?parent=19794"}],"wp:term":[{"taxonomy":"product_brand","embeddable":true,"href":"https:\/\/farmaciacrisia.ro\/fr\/wp-json\/wp\/v2\/product_brand?post=19794"},{"taxonomy":"product_cat","embeddable":true,"href":"https:\/\/farmaciacrisia.ro\/fr\/wp-json\/wp\/v2\/product_cat?post=19794"},{"taxonomy":"product_tag","embeddable":true,"href":"https:\/\/farmaciacrisia.ro\/fr\/wp-json\/wp\/v2\/product_tag?post=19794"}],"curies":[{"name":"wp","href":"https:\/\/api.w.org\/{rel}","templated":true}]}}