{"id":19796,"date":"2025-05-15T10:14:37","date_gmt":"2025-05-15T10:14:37","guid":{"rendered":"https:\/\/farmaciacrisia.ro\/?post_type=product&#038;p=19796"},"modified":"2025-09-19T10:01:18","modified_gmt":"2025-09-19T10:01:18","slug":"ser-anti-aging-cu-elastina-0-5-si-niacinamida-4-30-ml","status":"publish","type":"product","link":"https:\/\/farmaciacrisia.ro\/fr\/produit\/ser-anti-aging-cu-elastina-0-5-si-niacinamida-4-30-ml\/","title":{"rendered":"S\u00c9RUM ANTI-\u00c2GE \u00c0 L&#039;\u00c9LASTINE 0,5% ET \u00c0 LA NIACINAMIDE 4% <br>\u2013 30 ML"},"content":{"rendered":"","protected":false},"excerpt":{"rendered":"<p>Le s\u00e9rum \u00e0 base d&#039;\u00e9lastine 0,5% et de niacinamide 4% est un soin anti-\u00e2ge qui att\u00e9nue l&#039;apparence des rides et ridules. Il hydrate, am\u00e9liore le grain de peau, unifie le teint et lui conf\u00e8re un aspect velout\u00e9. De plus, gr\u00e2ce \u00e0 son action antioxydante, il pr\u00e9vient le vieillissement cutan\u00e9 pr\u00e9matur\u00e9.<\/p>","protected":false},"featured_media":21178,"template":"","meta":[],"product_brand":[],"product_cat":[15,580],"product_tag":[],"class_list":{"0":"post-19796","1":"product","2":"type-product","3":"status-publish","4":"has-post-thumbnail","6":"product_cat-uncategorized","7":"product_cat-cosmetice-traditionale","9":"first","10":"instock","11":"shipping-taxable","12":"purchasable","13":"product-type-simple"},"_links":{"self":[{"href":"https:\/\/farmaciacrisia.ro\/fr\/wp-json\/wp\/v2\/product\/19796","targetHints":{"allow":["GET"]}}],"collection":[{"href":"https:\/\/farmaciacrisia.ro\/fr\/wp-json\/wp\/v2\/product"}],"about":[{"href":"https:\/\/farmaciacrisia.ro\/fr\/wp-json\/wp\/v2\/types\/product"}],"version-history":[{"count":5,"href":"https:\/\/farmaciacrisia.ro\/fr\/wp-json\/wp\/v2\/product\/19796\/revisions"}],"predecessor-version":[{"id":20456,"href":"https:\/\/farmaciacrisia.ro\/fr\/wp-json\/wp\/v2\/product\/19796\/revisions\/20456"}],"wp:featuredmedia":[{"embeddable":true,"href":"https:\/\/farmaciacrisia.ro\/fr\/wp-json\/wp\/v2\/media\/21178"}],"wp:attachment":[{"href":"https:\/\/farmaciacrisia.ro\/fr\/wp-json\/wp\/v2\/media?parent=19796"}],"wp:term":[{"taxonomy":"product_brand","embeddable":true,"href":"https:\/\/farmaciacrisia.ro\/fr\/wp-json\/wp\/v2\/product_brand?post=19796"},{"taxonomy":"product_cat","embeddable":true,"href":"https:\/\/farmaciacrisia.ro\/fr\/wp-json\/wp\/v2\/product_cat?post=19796"},{"taxonomy":"product_tag","embeddable":true,"href":"https:\/\/farmaciacrisia.ro\/fr\/wp-json\/wp\/v2\/product_tag?post=19796"}],"curies":[{"name":"wp","href":"https:\/\/api.w.org\/{rel}","templated":true}]}}