{"id":19798,"date":"2025-05-15T10:17:50","date_gmt":"2025-05-15T10:17:50","guid":{"rendered":"https:\/\/farmaciacrisia.ro\/?post_type=product&#038;p=19798"},"modified":"2025-08-13T09:42:08","modified_gmt":"2025-08-13T09:42:08","slug":"crema-anti-aging-cu-coenzima-q10-50-ml","status":"publish","type":"product","link":"https:\/\/farmaciacrisia.ro\/fr\/produit\/crema-anti-aging-cu-coenzima-q10-50-ml\/","title":{"rendered":"Cr\u00e8me anti-\u00e2ge \u00e0 la coenzyme Q10 \u2013 50 ml"},"content":{"rendered":"","protected":false},"excerpt":{"rendered":"<p>La cr\u00e8me nourrissante \u00e0 la coenzyme Q10 est un soin anti-rides et anti-\u00e2ge. Elle combat le vieillissement pr\u00e9matur\u00e9 de la peau, att\u00e9nue les rides et ridules et restaure son \u00e9lasticit\u00e9. Elle contribue ainsi \u00e0 un teint rajeuni.<\/p>","protected":false},"featured_media":20444,"template":"","meta":[],"product_brand":[],"product_cat":[15,580],"product_tag":[],"class_list":{"0":"post-19798","1":"product","2":"type-product","3":"status-publish","4":"has-post-thumbnail","6":"product_cat-uncategorized","7":"product_cat-cosmetice-traditionale","9":"first","10":"instock","11":"shipping-taxable","12":"purchasable","13":"product-type-simple"},"_links":{"self":[{"href":"https:\/\/farmaciacrisia.ro\/fr\/wp-json\/wp\/v2\/product\/19798","targetHints":{"allow":["GET"]}}],"collection":[{"href":"https:\/\/farmaciacrisia.ro\/fr\/wp-json\/wp\/v2\/product"}],"about":[{"href":"https:\/\/farmaciacrisia.ro\/fr\/wp-json\/wp\/v2\/types\/product"}],"version-history":[{"count":7,"href":"https:\/\/farmaciacrisia.ro\/fr\/wp-json\/wp\/v2\/product\/19798\/revisions"}],"predecessor-version":[{"id":20445,"href":"https:\/\/farmaciacrisia.ro\/fr\/wp-json\/wp\/v2\/product\/19798\/revisions\/20445"}],"wp:featuredmedia":[{"embeddable":true,"href":"https:\/\/farmaciacrisia.ro\/fr\/wp-json\/wp\/v2\/media\/20444"}],"wp:attachment":[{"href":"https:\/\/farmaciacrisia.ro\/fr\/wp-json\/wp\/v2\/media?parent=19798"}],"wp:term":[{"taxonomy":"product_brand","embeddable":true,"href":"https:\/\/farmaciacrisia.ro\/fr\/wp-json\/wp\/v2\/product_brand?post=19798"},{"taxonomy":"product_cat","embeddable":true,"href":"https:\/\/farmaciacrisia.ro\/fr\/wp-json\/wp\/v2\/product_cat?post=19798"},{"taxonomy":"product_tag","embeddable":true,"href":"https:\/\/farmaciacrisia.ro\/fr\/wp-json\/wp\/v2\/product_tag?post=19798"}],"curies":[{"name":"wp","href":"https:\/\/api.w.org\/{rel}","templated":true}]}}