{"id":19800,"date":"2025-05-15T10:20:29","date_gmt":"2025-05-15T10:20:29","guid":{"rendered":"https:\/\/farmaciacrisia.ro\/?post_type=product&#038;p=19800"},"modified":"2025-08-13T10:19:26","modified_gmt":"2025-08-13T10:19:26","slug":"lapte-demachiant-pentru-ten-sensibil-100-ml","status":"publish","type":"product","link":"https:\/\/farmaciacrisia.ro\/fr\/produit\/lapte-demachiant-pentru-ten-sensibil-100-ml\/","title":{"rendered":"LAIT D\u00c9MAQUILLANT PEAUX SENSIBLES \u2013 100 ML"},"content":{"rendered":"","protected":false},"excerpt":{"rendered":"<p>Le lait d\u00e9maquillant est un produit qui nettoie efficacement et d\u00e9licatement la peau et le contour des yeux des impuret\u00e9s et des traces de maquillage. Il hydrate la peau et la laisse velout\u00e9e et uniforme, sans laisser de film gras.<\/p>","protected":false},"featured_media":20378,"template":"","meta":[],"product_brand":[],"product_cat":[15,580],"product_tag":[],"class_list":{"0":"post-19800","1":"product","2":"type-product","3":"status-publish","4":"has-post-thumbnail","6":"product_cat-uncategorized","7":"product_cat-cosmetice-traditionale","9":"first","10":"instock","11":"shipping-taxable","12":"purchasable","13":"product-type-simple"},"_links":{"self":[{"href":"https:\/\/farmaciacrisia.ro\/fr\/wp-json\/wp\/v2\/product\/19800","targetHints":{"allow":["GET"]}}],"collection":[{"href":"https:\/\/farmaciacrisia.ro\/fr\/wp-json\/wp\/v2\/product"}],"about":[{"href":"https:\/\/farmaciacrisia.ro\/fr\/wp-json\/wp\/v2\/types\/product"}],"version-history":[{"count":4,"href":"https:\/\/farmaciacrisia.ro\/fr\/wp-json\/wp\/v2\/product\/19800\/revisions"}],"predecessor-version":[{"id":20342,"href":"https:\/\/farmaciacrisia.ro\/fr\/wp-json\/wp\/v2\/product\/19800\/revisions\/20342"}],"wp:featuredmedia":[{"embeddable":true,"href":"https:\/\/farmaciacrisia.ro\/fr\/wp-json\/wp\/v2\/media\/20378"}],"wp:attachment":[{"href":"https:\/\/farmaciacrisia.ro\/fr\/wp-json\/wp\/v2\/media?parent=19800"}],"wp:term":[{"taxonomy":"product_brand","embeddable":true,"href":"https:\/\/farmaciacrisia.ro\/fr\/wp-json\/wp\/v2\/product_brand?post=19800"},{"taxonomy":"product_cat","embeddable":true,"href":"https:\/\/farmaciacrisia.ro\/fr\/wp-json\/wp\/v2\/product_cat?post=19800"},{"taxonomy":"product_tag","embeddable":true,"href":"https:\/\/farmaciacrisia.ro\/fr\/wp-json\/wp\/v2\/product_tag?post=19800"}],"curies":[{"name":"wp","href":"https:\/\/api.w.org\/{rel}","templated":true}]}}