{"id":19802,"date":"2025-05-15T10:25:07","date_gmt":"2025-05-15T10:25:07","guid":{"rendered":"https:\/\/farmaciacrisia.ro\/?post_type=product&#038;p=19802"},"modified":"2025-08-13T09:40:59","modified_gmt":"2025-08-13T09:40:59","slug":"crema-contur-ochi-nutritiva-cu-vit-b12-15-ml","status":"publish","type":"product","link":"https:\/\/farmaciacrisia.ro\/fr\/produit\/crema-contur-ochi-nutritiva-cu-vit-b12-15-ml\/","title":{"rendered":"Cr\u00e8me contour des yeux nourrissante \u00e0 la vitamine B12 \u2013 15 ml"},"content":{"rendered":"","protected":false},"excerpt":{"rendered":"<p>La cr\u00e8me contour des yeux \u00e0 la vitamine B12 est un soin anti-\u00e2ge, r\u00e9parateur, r\u00e9g\u00e9n\u00e9rant et nourrissant. Elle redonne \u00e0 la peau du contour des yeux un aspect plus jeune, plus ferme et une texture am\u00e9lior\u00e9e, tout en att\u00e9nuant l&#039;apparence des cernes.<\/p>","protected":false},"featured_media":20442,"template":"","meta":[],"product_brand":[],"product_cat":[15,580],"product_tag":[],"class_list":{"0":"post-19802","1":"product","2":"type-product","3":"status-publish","4":"has-post-thumbnail","6":"product_cat-uncategorized","7":"product_cat-cosmetice-traditionale","9":"first","10":"instock","11":"shipping-taxable","12":"purchasable","13":"product-type-simple"},"_links":{"self":[{"href":"https:\/\/farmaciacrisia.ro\/fr\/wp-json\/wp\/v2\/product\/19802","targetHints":{"allow":["GET"]}}],"collection":[{"href":"https:\/\/farmaciacrisia.ro\/fr\/wp-json\/wp\/v2\/product"}],"about":[{"href":"https:\/\/farmaciacrisia.ro\/fr\/wp-json\/wp\/v2\/types\/product"}],"version-history":[{"count":5,"href":"https:\/\/farmaciacrisia.ro\/fr\/wp-json\/wp\/v2\/product\/19802\/revisions"}],"predecessor-version":[{"id":20443,"href":"https:\/\/farmaciacrisia.ro\/fr\/wp-json\/wp\/v2\/product\/19802\/revisions\/20443"}],"wp:featuredmedia":[{"embeddable":true,"href":"https:\/\/farmaciacrisia.ro\/fr\/wp-json\/wp\/v2\/media\/20442"}],"wp:attachment":[{"href":"https:\/\/farmaciacrisia.ro\/fr\/wp-json\/wp\/v2\/media?parent=19802"}],"wp:term":[{"taxonomy":"product_brand","embeddable":true,"href":"https:\/\/farmaciacrisia.ro\/fr\/wp-json\/wp\/v2\/product_brand?post=19802"},{"taxonomy":"product_cat","embeddable":true,"href":"https:\/\/farmaciacrisia.ro\/fr\/wp-json\/wp\/v2\/product_cat?post=19802"},{"taxonomy":"product_tag","embeddable":true,"href":"https:\/\/farmaciacrisia.ro\/fr\/wp-json\/wp\/v2\/product_tag?post=19802"}],"curies":[{"name":"wp","href":"https:\/\/api.w.org\/{rel}","templated":true}]}}