{"id":19804,"date":"2025-05-15T11:34:10","date_gmt":"2025-05-15T11:34:10","guid":{"rendered":"https:\/\/farmaciacrisia.ro\/?post_type=product&#038;p=19804"},"modified":"2025-08-13T09:40:02","modified_gmt":"2025-08-13T09:40:02","slug":"crema-gel-pentru-conturul-ochilor-cu-cafeina-15-ml","status":"publish","type":"product","link":"https:\/\/farmaciacrisia.ro\/fr\/produit\/crema-gel-pentru-conturul-ochilor-cu-cafeina-15-ml\/","title":{"rendered":"Gel-cr\u00e8me contour des yeux \u00e0 la caf\u00e9ine \u2013 15 ml"},"content":{"rendered":"","protected":false},"excerpt":{"rendered":"<p>Le gel-cr\u00e8me contour des yeux est efficace pour att\u00e9nuer les cernes et les poches sous les yeux, tout en r\u00e9duisant l&#039;hyperpigmentation p\u00e9rioculaire. Il poss\u00e8de \u00e9galement un effet antioxydant, pr\u00e9venant ainsi l&#039;apparition des signes de vieillissement pr\u00e9matur\u00e9.<\/p>","protected":false},"featured_media":20440,"template":"","meta":[],"product_brand":[],"product_cat":[15,580],"product_tag":[],"class_list":{"0":"post-19804","1":"product","2":"type-product","3":"status-publish","4":"has-post-thumbnail","6":"product_cat-uncategorized","7":"product_cat-cosmetice-traditionale","9":"first","10":"instock","11":"shipping-taxable","12":"purchasable","13":"product-type-simple"},"_links":{"self":[{"href":"https:\/\/farmaciacrisia.ro\/fr\/wp-json\/wp\/v2\/product\/19804","targetHints":{"allow":["GET"]}}],"collection":[{"href":"https:\/\/farmaciacrisia.ro\/fr\/wp-json\/wp\/v2\/product"}],"about":[{"href":"https:\/\/farmaciacrisia.ro\/fr\/wp-json\/wp\/v2\/types\/product"}],"version-history":[{"count":5,"href":"https:\/\/farmaciacrisia.ro\/fr\/wp-json\/wp\/v2\/product\/19804\/revisions"}],"predecessor-version":[{"id":20441,"href":"https:\/\/farmaciacrisia.ro\/fr\/wp-json\/wp\/v2\/product\/19804\/revisions\/20441"}],"wp:featuredmedia":[{"embeddable":true,"href":"https:\/\/farmaciacrisia.ro\/fr\/wp-json\/wp\/v2\/media\/20440"}],"wp:attachment":[{"href":"https:\/\/farmaciacrisia.ro\/fr\/wp-json\/wp\/v2\/media?parent=19804"}],"wp:term":[{"taxonomy":"product_brand","embeddable":true,"href":"https:\/\/farmaciacrisia.ro\/fr\/wp-json\/wp\/v2\/product_brand?post=19804"},{"taxonomy":"product_cat","embeddable":true,"href":"https:\/\/farmaciacrisia.ro\/fr\/wp-json\/wp\/v2\/product_cat?post=19804"},{"taxonomy":"product_tag","embeddable":true,"href":"https:\/\/farmaciacrisia.ro\/fr\/wp-json\/wp\/v2\/product_tag?post=19804"}],"curies":[{"name":"wp","href":"https:\/\/api.w.org\/{rel}","templated":true}]}}