{"id":19806,"date":"2025-05-15T11:40:32","date_gmt":"2025-05-15T11:40:32","guid":{"rendered":"https:\/\/farmaciacrisia.ro\/?post_type=product&#038;p=19806"},"modified":"2025-08-13T08:36:24","modified_gmt":"2025-08-13T08:36:24","slug":"ser-pentru-cresterea-genelor-10-ml","status":"publish","type":"product","link":"https:\/\/farmaciacrisia.ro\/fr\/produit\/ser-pentru-cresterea-genelor-10-ml\/","title":{"rendered":"S\u00c9RUM POUR LA CROISSANCE DES CILS \u2013 10 ML"},"content":{"rendered":"","protected":false},"excerpt":{"rendered":"<p>Le s\u00e9rum pour la croissance des cils est un produit cosm\u00e9tique \u00e0 l&#039;action nourrissante qui nourrit les cils d\u00e8s la racine et contribue \u00e0 leur r\u00e9g\u00e9n\u00e9ration. Il stimule la croissance des cils, pr\u00e9vient leur casse et pr\u00e9serve leur \u00e9lasticit\u00e9 et leur souplesse.<\/p>","protected":false},"featured_media":20112,"template":"","meta":[],"product_brand":[],"product_cat":[15,580],"product_tag":[],"class_list":{"0":"post-19806","1":"product","2":"type-product","3":"status-publish","4":"has-post-thumbnail","6":"product_cat-uncategorized","7":"product_cat-cosmetice-traditionale","9":"first","10":"instock","11":"shipping-taxable","12":"purchasable","13":"product-type-simple"},"_links":{"self":[{"href":"https:\/\/farmaciacrisia.ro\/fr\/wp-json\/wp\/v2\/product\/19806","targetHints":{"allow":["GET"]}}],"collection":[{"href":"https:\/\/farmaciacrisia.ro\/fr\/wp-json\/wp\/v2\/product"}],"about":[{"href":"https:\/\/farmaciacrisia.ro\/fr\/wp-json\/wp\/v2\/types\/product"}],"version-history":[{"count":2,"href":"https:\/\/farmaciacrisia.ro\/fr\/wp-json\/wp\/v2\/product\/19806\/revisions"}],"predecessor-version":[{"id":20265,"href":"https:\/\/farmaciacrisia.ro\/fr\/wp-json\/wp\/v2\/product\/19806\/revisions\/20265"}],"wp:featuredmedia":[{"embeddable":true,"href":"https:\/\/farmaciacrisia.ro\/fr\/wp-json\/wp\/v2\/media\/20112"}],"wp:attachment":[{"href":"https:\/\/farmaciacrisia.ro\/fr\/wp-json\/wp\/v2\/media?parent=19806"}],"wp:term":[{"taxonomy":"product_brand","embeddable":true,"href":"https:\/\/farmaciacrisia.ro\/fr\/wp-json\/wp\/v2\/product_brand?post=19806"},{"taxonomy":"product_cat","embeddable":true,"href":"https:\/\/farmaciacrisia.ro\/fr\/wp-json\/wp\/v2\/product_cat?post=19806"},{"taxonomy":"product_tag","embeddable":true,"href":"https:\/\/farmaciacrisia.ro\/fr\/wp-json\/wp\/v2\/product_tag?post=19806"}],"curies":[{"name":"wp","href":"https:\/\/api.w.org\/{rel}","templated":true}]}}