{"id":19808,"date":"2025-05-15T11:42:45","date_gmt":"2025-05-15T11:42:45","guid":{"rendered":"https:\/\/farmaciacrisia.ro\/?post_type=product&#038;p=19808"},"modified":"2025-08-13T09:38:38","modified_gmt":"2025-08-13T09:38:38","slug":"crema-de-maini-regeneranta-cu-eucerina-50-ml","status":"publish","type":"product","link":"https:\/\/farmaciacrisia.ro\/fr\/produit\/crema-de-maini-regeneranta-cu-eucerina-50-ml\/","title":{"rendered":"Cr\u00e8me mains r\u00e9g\u00e9n\u00e9rante EUCERINA \u2013 50 ml"},"content":{"rendered":"","protected":false},"excerpt":{"rendered":"<p>La cr\u00e8me r\u00e9g\u00e9n\u00e9rante pour les mains est un produit hydratant longue dur\u00e9e qui p\u00e9n\u00e8tre facilement dans la peau sans laisser de film gras. Elle apaise les microl\u00e9sions cutan\u00e9es et contribue \u00e0 sa r\u00e9g\u00e9n\u00e9ration. Elle est id\u00e9ale pour les soins quotidiens des peaux sensibles, s\u00e8ches, tr\u00e8s s\u00e8ches et allergiques, sujettes \u00e0 l&#039;ecz\u00e9ma, au psoriasis ou \u00e0 l&#039;atopie.<\/p>","protected":false},"featured_media":20438,"template":"","meta":[],"product_brand":[],"product_cat":[15,580],"product_tag":[],"class_list":{"0":"post-19808","1":"product","2":"type-product","3":"status-publish","4":"has-post-thumbnail","6":"product_cat-uncategorized","7":"product_cat-cosmetice-traditionale","9":"first","10":"instock","11":"shipping-taxable","12":"purchasable","13":"product-type-simple"},"_links":{"self":[{"href":"https:\/\/farmaciacrisia.ro\/fr\/wp-json\/wp\/v2\/product\/19808","targetHints":{"allow":["GET"]}}],"collection":[{"href":"https:\/\/farmaciacrisia.ro\/fr\/wp-json\/wp\/v2\/product"}],"about":[{"href":"https:\/\/farmaciacrisia.ro\/fr\/wp-json\/wp\/v2\/types\/product"}],"version-history":[{"count":4,"href":"https:\/\/farmaciacrisia.ro\/fr\/wp-json\/wp\/v2\/product\/19808\/revisions"}],"predecessor-version":[{"id":20439,"href":"https:\/\/farmaciacrisia.ro\/fr\/wp-json\/wp\/v2\/product\/19808\/revisions\/20439"}],"wp:featuredmedia":[{"embeddable":true,"href":"https:\/\/farmaciacrisia.ro\/fr\/wp-json\/wp\/v2\/media\/20438"}],"wp:attachment":[{"href":"https:\/\/farmaciacrisia.ro\/fr\/wp-json\/wp\/v2\/media?parent=19808"}],"wp:term":[{"taxonomy":"product_brand","embeddable":true,"href":"https:\/\/farmaciacrisia.ro\/fr\/wp-json\/wp\/v2\/product_brand?post=19808"},{"taxonomy":"product_cat","embeddable":true,"href":"https:\/\/farmaciacrisia.ro\/fr\/wp-json\/wp\/v2\/product_cat?post=19808"},{"taxonomy":"product_tag","embeddable":true,"href":"https:\/\/farmaciacrisia.ro\/fr\/wp-json\/wp\/v2\/product_tag?post=19808"}],"curies":[{"name":"wp","href":"https:\/\/api.w.org\/{rel}","templated":true}]}}