{"id":19810,"date":"2025-05-15T11:45:26","date_gmt":"2025-05-15T11:45:26","guid":{"rendered":"https:\/\/farmaciacrisia.ro\/?post_type=product&#038;p=19810"},"modified":"2025-08-13T09:37:39","modified_gmt":"2025-08-13T09:37:39","slug":"crema-protectoare-de-maini-50-ml","status":"publish","type":"product","link":"https:\/\/farmaciacrisia.ro\/fr\/produit\/crema-protectoare-de-maini-50-ml\/","title":{"rendered":"Cr\u00e8me protectrice pour les mains \u2013 50 ml"},"content":{"rendered":"","protected":false},"excerpt":{"rendered":"<p>La cr\u00e8me protectrice pour les mains est un produit \u00e0 l&#039;action nourrissante et \u00e9molliente, b\u00e9n\u00e9fique pour les peaux s\u00e8ches et sensibles. Elle contribue \u00e0 pr\u00e9server la peau des mains gr\u00e2ce \u00e0 son effet hydratant et r\u00e9g\u00e9n\u00e9rant. Elle hydrate intens\u00e9ment et offre une protection tout au long de la journ\u00e9e, formant un film invisible qui pr\u00e9vient le dess\u00e8chement cutan\u00e9.<\/p>","protected":false},"featured_media":20436,"template":"","meta":[],"product_brand":[],"product_cat":[15,580],"product_tag":[],"class_list":{"0":"post-19810","1":"product","2":"type-product","3":"status-publish","4":"has-post-thumbnail","6":"product_cat-uncategorized","7":"product_cat-cosmetice-traditionale","9":"first","10":"instock","11":"shipping-taxable","12":"purchasable","13":"product-type-simple"},"_links":{"self":[{"href":"https:\/\/farmaciacrisia.ro\/fr\/wp-json\/wp\/v2\/product\/19810","targetHints":{"allow":["GET"]}}],"collection":[{"href":"https:\/\/farmaciacrisia.ro\/fr\/wp-json\/wp\/v2\/product"}],"about":[{"href":"https:\/\/farmaciacrisia.ro\/fr\/wp-json\/wp\/v2\/types\/product"}],"version-history":[{"count":5,"href":"https:\/\/farmaciacrisia.ro\/fr\/wp-json\/wp\/v2\/product\/19810\/revisions"}],"predecessor-version":[{"id":20437,"href":"https:\/\/farmaciacrisia.ro\/fr\/wp-json\/wp\/v2\/product\/19810\/revisions\/20437"}],"wp:featuredmedia":[{"embeddable":true,"href":"https:\/\/farmaciacrisia.ro\/fr\/wp-json\/wp\/v2\/media\/20436"}],"wp:attachment":[{"href":"https:\/\/farmaciacrisia.ro\/fr\/wp-json\/wp\/v2\/media?parent=19810"}],"wp:term":[{"taxonomy":"product_brand","embeddable":true,"href":"https:\/\/farmaciacrisia.ro\/fr\/wp-json\/wp\/v2\/product_brand?post=19810"},{"taxonomy":"product_cat","embeddable":true,"href":"https:\/\/farmaciacrisia.ro\/fr\/wp-json\/wp\/v2\/product_cat?post=19810"},{"taxonomy":"product_tag","embeddable":true,"href":"https:\/\/farmaciacrisia.ro\/fr\/wp-json\/wp\/v2\/product_tag?post=19810"}],"curies":[{"name":"wp","href":"https:\/\/api.w.org\/{rel}","templated":true}]}}