{"id":19812,"date":"2025-05-15T12:21:53","date_gmt":"2025-05-15T12:21:53","guid":{"rendered":"https:\/\/farmaciacrisia.ro\/?post_type=product&#038;p=19812"},"modified":"2025-08-13T09:36:49","modified_gmt":"2025-08-13T09:36:49","slug":"crema-de-corp-iluminatoare-nutritiva-200-ml","status":"publish","type":"product","link":"https:\/\/farmaciacrisia.ro\/fr\/produit\/crema-de-corp-iluminatoare-nutritiva-200-ml\/","title":{"rendered":"Cr\u00e8me corps nourrissante et \u00e9clairante \u2013 200 ml"},"content":{"rendered":"","protected":false},"excerpt":{"rendered":"<p>La cr\u00e8me nourrissante illuminatrice pour le corps est un soin \u00e0 l&#039;action intens\u00e9ment hydratante qui prot\u00e8ge et renforce la barri\u00e8re cutan\u00e9e naturelle. Elle am\u00e9liore la tonicit\u00e9 et l&#039;\u00e9lasticit\u00e9, stimule la r\u00e9g\u00e9n\u00e9ration cellulaire et la production de collag\u00e8ne, procurant \u00e0 la peau un aspect lisse et lumineux.<\/p>","protected":false},"featured_media":20434,"template":"","meta":[],"product_brand":[],"product_cat":[15,580],"product_tag":[],"class_list":{"0":"post-19812","1":"product","2":"type-product","3":"status-publish","4":"has-post-thumbnail","6":"product_cat-uncategorized","7":"product_cat-cosmetice-traditionale","9":"first","10":"instock","11":"shipping-taxable","12":"purchasable","13":"product-type-simple"},"_links":{"self":[{"href":"https:\/\/farmaciacrisia.ro\/fr\/wp-json\/wp\/v2\/product\/19812","targetHints":{"allow":["GET"]}}],"collection":[{"href":"https:\/\/farmaciacrisia.ro\/fr\/wp-json\/wp\/v2\/product"}],"about":[{"href":"https:\/\/farmaciacrisia.ro\/fr\/wp-json\/wp\/v2\/types\/product"}],"version-history":[{"count":8,"href":"https:\/\/farmaciacrisia.ro\/fr\/wp-json\/wp\/v2\/product\/19812\/revisions"}],"predecessor-version":[{"id":20435,"href":"https:\/\/farmaciacrisia.ro\/fr\/wp-json\/wp\/v2\/product\/19812\/revisions\/20435"}],"wp:featuredmedia":[{"embeddable":true,"href":"https:\/\/farmaciacrisia.ro\/fr\/wp-json\/wp\/v2\/media\/20434"}],"wp:attachment":[{"href":"https:\/\/farmaciacrisia.ro\/fr\/wp-json\/wp\/v2\/media?parent=19812"}],"wp:term":[{"taxonomy":"product_brand","embeddable":true,"href":"https:\/\/farmaciacrisia.ro\/fr\/wp-json\/wp\/v2\/product_brand?post=19812"},{"taxonomy":"product_cat","embeddable":true,"href":"https:\/\/farmaciacrisia.ro\/fr\/wp-json\/wp\/v2\/product_cat?post=19812"},{"taxonomy":"product_tag","embeddable":true,"href":"https:\/\/farmaciacrisia.ro\/fr\/wp-json\/wp\/v2\/product_tag?post=19812"}],"curies":[{"name":"wp","href":"https:\/\/api.w.org\/{rel}","templated":true}]}}