{"id":19815,"date":"2025-05-15T12:31:38","date_gmt":"2025-05-15T12:31:38","guid":{"rendered":"https:\/\/farmaciacrisia.ro\/?post_type=product&#038;p=19815"},"modified":"2025-08-13T09:35:13","modified_gmt":"2025-08-13T09:35:13","slug":"unt-de-corp-iluminator-cu-elastina-150-ml","status":"publish","type":"product","link":"https:\/\/farmaciacrisia.ro\/fr\/produit\/unt-de-corp-iluminator-cu-elastina-150-ml\/","title":{"rendered":"BEURRE CORPOREL ILLUMINANT \u00c0 L&#039;\u00c9LASTINE \u2013 150 ML"},"content":{"rendered":"","protected":false},"excerpt":{"rendered":"<p>Le beurre corporel illuminateur est un soin nourrissant et \u00e9mollient qui hydrate la peau en profondeur et lui conf\u00e8re un aspect radieux et velout\u00e9, ainsi qu&#039;une teinte cuivr\u00e9e aux reflets bronze. Il prot\u00e8ge la peau des agressions ext\u00e9rieures et pr\u00e9vient le vieillissement pr\u00e9matur\u00e9.<\/p>","protected":false},"featured_media":20432,"template":"","meta":[],"product_brand":[],"product_cat":[15,580],"product_tag":[],"class_list":{"0":"post-19815","1":"product","2":"type-product","3":"status-publish","4":"has-post-thumbnail","6":"product_cat-uncategorized","7":"product_cat-cosmetice-traditionale","9":"first","10":"instock","11":"shipping-taxable","12":"purchasable","13":"product-type-simple"},"_links":{"self":[{"href":"https:\/\/farmaciacrisia.ro\/fr\/wp-json\/wp\/v2\/product\/19815","targetHints":{"allow":["GET"]}}],"collection":[{"href":"https:\/\/farmaciacrisia.ro\/fr\/wp-json\/wp\/v2\/product"}],"about":[{"href":"https:\/\/farmaciacrisia.ro\/fr\/wp-json\/wp\/v2\/types\/product"}],"version-history":[{"count":5,"href":"https:\/\/farmaciacrisia.ro\/fr\/wp-json\/wp\/v2\/product\/19815\/revisions"}],"predecessor-version":[{"id":20433,"href":"https:\/\/farmaciacrisia.ro\/fr\/wp-json\/wp\/v2\/product\/19815\/revisions\/20433"}],"wp:featuredmedia":[{"embeddable":true,"href":"https:\/\/farmaciacrisia.ro\/fr\/wp-json\/wp\/v2\/media\/20432"}],"wp:attachment":[{"href":"https:\/\/farmaciacrisia.ro\/fr\/wp-json\/wp\/v2\/media?parent=19815"}],"wp:term":[{"taxonomy":"product_brand","embeddable":true,"href":"https:\/\/farmaciacrisia.ro\/fr\/wp-json\/wp\/v2\/product_brand?post=19815"},{"taxonomy":"product_cat","embeddable":true,"href":"https:\/\/farmaciacrisia.ro\/fr\/wp-json\/wp\/v2\/product_cat?post=19815"},{"taxonomy":"product_tag","embeddable":true,"href":"https:\/\/farmaciacrisia.ro\/fr\/wp-json\/wp\/v2\/product_tag?post=19815"}],"curies":[{"name":"wp","href":"https:\/\/api.w.org\/{rel}","templated":true}]}}